{"id":2215,"date":"2020-05-19T14:28:07","date_gmt":"2020-05-19T12:28:07","guid":{"rendered":"https:\/\/lyckseledjurpark.chillimedia.se\/?page_id=2215"},"modified":"2024-01-15T12:44:01","modified_gmt":"2024-01-15T11:44:01","slug":"leklandet","status":"publish","type":"page","link":"https:\/\/lyckseledjurpark.chillimedia.site\/en\/leklandet\/","title":{"rendered":"Playground"},"content":{"rendered":"<div data-elementor-type=\"wp-page\" data-elementor-id=\"2215\" class=\"elementor elementor-2215\" data-elementor-post-type=\"page\">\n\t\t\t\t\t\t<section class=\"elementor-section elementor-top-section elementor-element elementor-element-76476ada elementor-section-stretched elementor-reverse-tablet elementor-reverse-mobile elementor-section-boxed elementor-section-height-default elementor-section-height-default\" data-id=\"76476ada\" data-element_type=\"section\" data-settings=\"{&quot;stretch_section&quot;:&quot;section-stretched&quot;}\">\n\t\t\t\t\t\t<div class=\"elementor-container elementor-column-gap-no\">\n\t\t\t\t\t<div class=\"elementor-column elementor-col-33 elementor-top-column elementor-element elementor-element-2cb002c7\" data-id=\"2cb002c7\" data-element_type=\"column\">\n\t\t\t<div class=\"elementor-widget-wrap elementor-element-populated\">\n\t\t\t\t\t\t<div class=\"elementor-element elementor-element-456ffbd7 img-mask animated-slow elementor-invisible elementor-widget elementor-widget-image\" data-id=\"456ffbd7\" data-element_type=\"widget\" data-settings=\"{&quot;_animation&quot;:&quot;fadeIn&quot;}\" data-widget_type=\"image.default\">\n\t\t\t\t<div class=\"elementor-widget-container\">\n\t\t\t\t\t\t\t\t\t\t\t\t\t<img fetchpriority=\"high\" decoding=\"async\" width=\"630\" height=\"630\" src=\"https:\/\/lyckseledjurpark.chillimedia.site\/wp-content\/uploads\/2020\/05\/lyckolandet-630x630-1.jpg\" class=\"attachment-full size-full wp-image-2885\" alt=\"Lyckoland p\u00e5 Lycksele djurpark\" srcset=\"https:\/\/lyckseledjurpark.chillimedia.site\/wp-content\/uploads\/2020\/05\/lyckolandet-630x630-1.jpg 630w, https:\/\/lyckseledjurpark.chillimedia.site\/wp-content\/uploads\/2020\/05\/lyckolandet-630x630-1-300x300.jpg 300w, https:\/\/lyckseledjurpark.chillimedia.site\/wp-content\/uploads\/2020\/05\/lyckolandet-630x630-1-150x150.jpg 150w\" sizes=\"(max-width: 630px) 100vw, 630px\" \/>\t\t\t\t\t\t\t\t\t\t\t\t\t<\/div>\n\t\t\t\t<\/div>\n\t\t\t\t\t<\/div>\n\t\t<\/div>\n\t\t\t\t<div class=\"elementor-column elementor-col-66 elementor-top-column elementor-element elementor-element-37511293\" data-id=\"37511293\" data-element_type=\"column\">\n\t\t\t<div class=\"elementor-widget-wrap elementor-element-populated\">\n\t\t\t\t\t\t<div class=\"elementor-element elementor-element-41074e18 elementor-widget elementor-widget-heading\" data-id=\"41074e18\" data-element_type=\"widget\" data-widget_type=\"heading.default\">\n\t\t\t\t<div class=\"elementor-widget-container\">\n\t\t\t<h2 class=\"elementor-heading-title elementor-size-default\">Playground<\/h2>\t\t<\/div>\n\t\t\t\t<\/div>\n\t\t\t\t<div class=\"elementor-element elementor-element-9690b48 elementor-widget elementor-widget-html\" data-id=\"9690b48\" data-element_type=\"widget\" data-widget_type=\"html.default\">\n\t\t\t\t<div class=\"elementor-widget-container\">\n\t\t\t15 juni-11 augusti kl. 11.00-16.30. <br><br>\nFor children, the whole park is a big adventure, but perhaps they will remember the playground the most. Here, there are Brum-Brums playground, carousels, bumper boats, bungee run, obstacle course, water play with rafts and zip line and more.<br><br>\n\n\t\t<\/div>\n\t\t\t\t<\/div>\n\t\t\t\t<div class=\"elementor-element elementor-element-096ea2a elementor-invisible elementor-widget elementor-widget-gallery\" data-id=\"096ea2a\" data-element_type=\"widget\" data-settings=\"{&quot;gallery_layout&quot;:&quot;justified&quot;,&quot;ideal_row_height&quot;:{&quot;unit&quot;:&quot;px&quot;,&quot;size&quot;:147,&quot;sizes&quot;:[]},&quot;gap&quot;:{&quot;unit&quot;:&quot;px&quot;,&quot;size&quot;:13,&quot;sizes&quot;:[]},&quot;_animation&quot;:&quot;fadeInUp&quot;,&quot;lazyload&quot;:&quot;yes&quot;,&quot;ideal_row_height_tablet&quot;:{&quot;unit&quot;:&quot;px&quot;,&quot;size&quot;:150,&quot;sizes&quot;:[]},&quot;ideal_row_height_mobile&quot;:{&quot;unit&quot;:&quot;px&quot;,&quot;size&quot;:150,&quot;sizes&quot;:[]},&quot;gap_tablet&quot;:{&quot;unit&quot;:&quot;px&quot;,&quot;size&quot;:10,&quot;sizes&quot;:[]},&quot;gap_mobile&quot;:{&quot;unit&quot;:&quot;px&quot;,&quot;size&quot;:10,&quot;sizes&quot;:[]},&quot;link_to&quot;:&quot;file&quot;,&quot;overlay_background&quot;:&quot;yes&quot;,&quot;content_hover_animation&quot;:&quot;fade-in&quot;}\" data-widget_type=\"gallery.default\">\n\t\t\t\t<div class=\"elementor-widget-container\">\n\t\t\t\t\t<div class=\"elementor-gallery__container\">\n\t\t\t\t\t\t\t<a class=\"e-gallery-item elementor-gallery-item elementor-animated-content\" href=\"https:\/\/lyckseledjurpark.chillimedia.site\/wp-content\/uploads\/2020\/03\/lyckoland-1.jpg\" data-elementor-open-lightbox=\"yes\" data-elementor-lightbox-slideshow=\"096ea2a\" data-elementor-lightbox-title=\"lyckoland-1\" data-e-action-hash=\"#elementor-action%3Aaction%3Dlightbox%26settings%3DeyJpZCI6Mjg4NywidXJsIjoiaHR0cHM6XC9cL2x5Y2tzZWxlZGp1cnBhcmsuY2hpbGxpbWVkaWEuc2l0ZVwvd3AtY29udGVudFwvdXBsb2Fkc1wvMjAyMFwvMDNcL2x5Y2tvbGFuZC0xLmpwZyIsInNsaWRlc2hvdyI6IjA5NmVhMmEifQ%3D%3D\">\n\t\t\t\t\t<div class=\"e-gallery-image elementor-gallery-item__image\" data-thumbnail=\"https:\/\/lyckseledjurpark.chillimedia.site\/wp-content\/uploads\/2020\/03\/lyckoland-1.jpg\" data-width=\"650\" data-height=\"325\" aria-label=\"\" role=\"img\" ><\/div>\n\t\t\t\t\t\t\t\t\t\t\t<div class=\"elementor-gallery-item__overlay\"><\/div>\n\t\t\t\t\t\t\t\t\t\t\t\t\t\t<\/a>\n\t\t\t\t\t\t\t<a class=\"e-gallery-item elementor-gallery-item elementor-animated-content\" href=\"https:\/\/lyckseledjurpark.chillimedia.site\/wp-content\/uploads\/2020\/03\/lyckoland-2.jpg\" data-elementor-open-lightbox=\"yes\" data-elementor-lightbox-slideshow=\"096ea2a\" data-elementor-lightbox-title=\"lyckoland-2\" data-e-action-hash=\"#elementor-action%3Aaction%3Dlightbox%26settings%3DeyJpZCI6Mjg4OCwidXJsIjoiaHR0cHM6XC9cL2x5Y2tzZWxlZGp1cnBhcmsuY2hpbGxpbWVkaWEuc2l0ZVwvd3AtY29udGVudFwvdXBsb2Fkc1wvMjAyMFwvMDNcL2x5Y2tvbGFuZC0yLmpwZyIsInNsaWRlc2hvdyI6IjA5NmVhMmEifQ%3D%3D\">\n\t\t\t\t\t<div class=\"e-gallery-image elementor-gallery-item__image\" data-thumbnail=\"https:\/\/lyckseledjurpark.chillimedia.site\/wp-content\/uploads\/2020\/03\/lyckoland-2.jpg\" data-width=\"650\" data-height=\"325\" aria-label=\"\" role=\"img\" ><\/div>\n\t\t\t\t\t\t\t\t\t\t\t<div class=\"elementor-gallery-item__overlay\"><\/div>\n\t\t\t\t\t\t\t\t\t\t\t\t\t\t<\/a>\n\t\t\t\t\t\t\t<a class=\"e-gallery-item elementor-gallery-item elementor-animated-content\" href=\"https:\/\/lyckseledjurpark.chillimedia.site\/wp-content\/uploads\/2020\/03\/lyckoland-3.jpg\" data-elementor-open-lightbox=\"yes\" data-elementor-lightbox-slideshow=\"096ea2a\" data-elementor-lightbox-title=\"lyckoland-3\" data-e-action-hash=\"#elementor-action%3Aaction%3Dlightbox%26settings%3DeyJpZCI6Mjg4OSwidXJsIjoiaHR0cHM6XC9cL2x5Y2tzZWxlZGp1cnBhcmsuY2hpbGxpbWVkaWEuc2l0ZVwvd3AtY29udGVudFwvdXBsb2Fkc1wvMjAyMFwvMDNcL2x5Y2tvbGFuZC0zLmpwZyIsInNsaWRlc2hvdyI6IjA5NmVhMmEifQ%3D%3D\">\n\t\t\t\t\t<div class=\"e-gallery-image elementor-gallery-item__image\" data-thumbnail=\"https:\/\/lyckseledjurpark.chillimedia.site\/wp-content\/uploads\/2020\/03\/lyckoland-3.jpg\" data-width=\"650\" data-height=\"325\" aria-label=\"\" role=\"img\" ><\/div>\n\t\t\t\t\t\t\t\t\t\t\t<div class=\"elementor-gallery-item__overlay\"><\/div>\n\t\t\t\t\t\t\t\t\t\t\t\t\t\t<\/a>\n\t\t\t\t\t\t\t<a class=\"e-gallery-item elementor-gallery-item elementor-animated-content\" href=\"https:\/\/lyckseledjurpark.chillimedia.site\/wp-content\/uploads\/2020\/03\/lyckoland-4.jpg\" data-elementor-open-lightbox=\"yes\" data-elementor-lightbox-slideshow=\"096ea2a\" data-elementor-lightbox-title=\"lyckoland-4\" data-e-action-hash=\"#elementor-action%3Aaction%3Dlightbox%26settings%3DeyJpZCI6Mjg5MCwidXJsIjoiaHR0cHM6XC9cL2x5Y2tzZWxlZGp1cnBhcmsuY2hpbGxpbWVkaWEuc2l0ZVwvd3AtY29udGVudFwvdXBsb2Fkc1wvMjAyMFwvMDNcL2x5Y2tvbGFuZC00LmpwZyIsInNsaWRlc2hvdyI6IjA5NmVhMmEifQ%3D%3D\">\n\t\t\t\t\t<div class=\"e-gallery-image elementor-gallery-item__image\" data-thumbnail=\"https:\/\/lyckseledjurpark.chillimedia.site\/wp-content\/uploads\/2020\/03\/lyckoland-4.jpg\" data-width=\"650\" data-height=\"325\" aria-label=\"\" role=\"img\" ><\/div>\n\t\t\t\t\t\t\t\t\t\t\t<div class=\"elementor-gallery-item__overlay\"><\/div>\n\t\t\t\t\t\t\t\t\t\t\t\t\t\t<\/a>\n\t\t\t\t\t\t\t<a class=\"e-gallery-item elementor-gallery-item elementor-animated-content\" href=\"https:\/\/lyckseledjurpark.chillimedia.site\/wp-content\/uploads\/2023\/05\/20230522_121243-scaled-e1684926273482.jpg\" data-elementor-open-lightbox=\"yes\" data-elementor-lightbox-slideshow=\"096ea2a\" data-elementor-lightbox-title=\"lyckoland-6\" data-e-action-hash=\"#elementor-action%3Aaction%3Dlightbox%26settings%3DeyJpZCI6NTM0NiwidXJsIjoiaHR0cHM6XC9cL2x5Y2tzZWxlZGp1cnBhcmsuY2hpbGxpbWVkaWEuc2l0ZVwvd3AtY29udGVudFwvdXBsb2Fkc1wvMjAyM1wvMDVcLzIwMjMwNTIyXzEyMTI0My1zY2FsZWQtZTE2ODQ5MjYyNzM0ODIuanBnIiwic2xpZGVzaG93IjoiMDk2ZWEyYSJ9\">\n\t\t\t\t\t<div class=\"e-gallery-image elementor-gallery-item__image\" data-thumbnail=\"https:\/\/lyckseledjurpark.chillimedia.site\/wp-content\/uploads\/2023\/05\/20230522_121243-scaled-e1684926273482.jpg\" data-width=\"2419\" data-height=\"1209\" aria-label=\"\" role=\"img\" ><\/div>\n\t\t\t\t\t\t\t\t\t\t\t<div class=\"elementor-gallery-item__overlay\"><\/div>\n\t\t\t\t\t\t\t\t\t\t\t\t\t\t<\/a>\n\t\t\t\t\t<\/div>\n\t\t\t<\/div>\n\t\t\t\t<\/div>\n\t\t\t\t\t<\/div>\n\t\t<\/div>\n\t\t\t\t\t<\/div>\n\t\t<\/section>\n\t\t\t\t<\/div>","protected":false},"excerpt":{"rendered":"<p>Leklandet 15 juni-11 augusti kl. 11.00-16.30. F\u00f6r barnen \u00e4r hela parken ett stort \u00e4ventyr, men kanske \u00e4r det \u00e4nd\u00e5 Leklandet som de minns mest. H\u00e4r finns Brum-Brums lekland, karuseller, bumperboats, bungee run, hinderbana, kl\u00e4ttertorn, studslandskap, trampb\u00e5tar, ankdamm, linbana, vattenlek med flottar och mycket annat.<\/p>","protected":false},"author":1,"featured_media":0,"parent":0,"menu_order":0,"comment_status":"closed","ping_status":"closed","template":"elementor_header_footer","meta":{"inline_featured_image":false,"footnotes":""},"yoast_head":"<!-- This site is optimized with the Yoast SEO plugin v22.5 - https:\/\/yoast.com\/wordpress\/plugins\/seo\/ -->\n<title>Leklandet - Lycksele Djurpark<\/title>\n<meta name=\"robots\" content=\"index, follow, max-snippet:-1, max-image-preview:large, max-video-preview:-1\" \/>\n<link rel=\"canonical\" href=\"https:\/\/lyckseledjurpark.chillimedia.site\/en\/leklandet\/\" \/>\n<meta property=\"og:locale\" content=\"en_GB\" \/>\n<meta property=\"og:type\" content=\"article\" \/>\n<meta property=\"og:title\" content=\"Leklandet - Lycksele Djurpark\" \/>\n<meta property=\"og:description\" content=\"Leklandet 15 juni-11 augusti kl. 11.00-16.30. F\u00f6r barnen \u00e4r hela parken ett stort \u00e4ventyr, men kanske \u00e4r det \u00e4nd\u00e5 Leklandet som de minns mest. H\u00e4r finns Brum-Brums lekland, karuseller, bumperboats, bungee run, hinderbana, kl\u00e4ttertorn, studslandskap, trampb\u00e5tar, ankdamm, linbana, vattenlek med flottar och mycket annat.\" \/>\n<meta property=\"og:url\" content=\"https:\/\/lyckseledjurpark.chillimedia.site\/en\/leklandet\/\" \/>\n<meta property=\"og:site_name\" content=\"Lycksele Djurpark\" \/>\n<meta property=\"article:publisher\" content=\"https:\/\/www.facebook.com\/LyckseleDjurparkAB\/\" \/>\n<meta property=\"article:modified_time\" content=\"2024-01-15T11:44:01+00:00\" \/>\n<meta property=\"og:image\" content=\"https:\/\/lyckseledjurpark.chillimedia.site\/wp-content\/uploads\/2020\/05\/lyckolandet-630x630-1.jpg\" \/>\n<meta name=\"twitter:card\" content=\"summary_large_image\" \/>\n<script type=\"application\/ld+json\" class=\"yoast-schema-graph\">{\"@context\":\"https:\/\/schema.org\",\"@graph\":[{\"@type\":\"WebPage\",\"@id\":\"https:\/\/lyckseledjurpark.chillimedia.site\/en\/leklandet\/\",\"url\":\"https:\/\/lyckseledjurpark.chillimedia.site\/en\/leklandet\/\",\"name\":\"Leklandet - Lycksele Djurpark\",\"isPartOf\":{\"@id\":\"https:\/\/lyckseledjurpark.chillimedia.site\/en\/#website\"},\"primaryImageOfPage\":{\"@id\":\"https:\/\/lyckseledjurpark.chillimedia.site\/en\/leklandet\/#primaryimage\"},\"image\":{\"@id\":\"https:\/\/lyckseledjurpark.chillimedia.site\/en\/leklandet\/#primaryimage\"},\"thumbnailUrl\":\"https:\/\/lyckseledjurpark.chillimedia.site\/wp-content\/uploads\/2020\/05\/lyckolandet-630x630-1.jpg\",\"datePublished\":\"2020-05-19T12:28:07+00:00\",\"dateModified\":\"2024-01-15T11:44:01+00:00\",\"breadcrumb\":{\"@id\":\"https:\/\/lyckseledjurpark.chillimedia.site\/en\/leklandet\/#breadcrumb\"},\"inLanguage\":\"en-GB\",\"potentialAction\":[{\"@type\":\"ReadAction\",\"target\":[\"https:\/\/lyckseledjurpark.chillimedia.site\/en\/leklandet\/\"]}]},{\"@type\":\"ImageObject\",\"inLanguage\":\"en-GB\",\"@id\":\"https:\/\/lyckseledjurpark.chillimedia.site\/en\/leklandet\/#primaryimage\",\"url\":\"https:\/\/lyckseledjurpark.chillimedia.site\/wp-content\/uploads\/2020\/05\/lyckolandet-630x630-1.jpg\",\"contentUrl\":\"https:\/\/lyckseledjurpark.chillimedia.site\/wp-content\/uploads\/2020\/05\/lyckolandet-630x630-1.jpg\"},{\"@type\":\"BreadcrumbList\",\"@id\":\"https:\/\/lyckseledjurpark.chillimedia.site\/en\/leklandet\/#breadcrumb\",\"itemListElement\":[{\"@type\":\"ListItem\",\"position\":1,\"name\":\"Hem\",\"item\":\"https:\/\/lyckseledjurpark.chillimedia.site\/\"},{\"@type\":\"ListItem\",\"position\":2,\"name\":\"Leklandet\"}]},{\"@type\":\"WebSite\",\"@id\":\"https:\/\/lyckseledjurpark.chillimedia.site\/en\/#website\",\"url\":\"https:\/\/lyckseledjurpark.chillimedia.site\/en\/\",\"name\":\"Lycksele Djurpark\",\"description\":\" Sveriges Nordligaste Djurpark\",\"potentialAction\":[{\"@type\":\"SearchAction\",\"target\":{\"@type\":\"EntryPoint\",\"urlTemplate\":\"https:\/\/lyckseledjurpark.chillimedia.site\/en\/?s={search_term_string}\"},\"query-input\":\"required name=search_term_string\"}],\"inLanguage\":\"en-GB\"}]}<\/script>\n<!-- \/ Yoast SEO plugin. -->","yoast_head_json":{"title":"Leklandet - Lycksele Djurpark","robots":{"index":"index","follow":"follow","max-snippet":"max-snippet:-1","max-image-preview":"max-image-preview:large","max-video-preview":"max-video-preview:-1"},"canonical":"https:\/\/lyckseledjurpark.chillimedia.site\/en\/leklandet\/","og_locale":"en_GB","og_type":"article","og_title":"Leklandet - Lycksele Djurpark","og_description":"Leklandet 15 juni-11 augusti kl. 11.00-16.30. F\u00f6r barnen \u00e4r hela parken ett stort \u00e4ventyr, men kanske \u00e4r det \u00e4nd\u00e5 Leklandet som de minns mest. H\u00e4r finns Brum-Brums lekland, karuseller, bumperboats, bungee run, hinderbana, kl\u00e4ttertorn, studslandskap, trampb\u00e5tar, ankdamm, linbana, vattenlek med flottar och mycket annat.","og_url":"https:\/\/lyckseledjurpark.chillimedia.site\/en\/leklandet\/","og_site_name":"Lycksele Djurpark","article_publisher":"https:\/\/www.facebook.com\/LyckseleDjurparkAB\/","article_modified_time":"2024-01-15T11:44:01+00:00","og_image":[{"url":"https:\/\/lyckseledjurpark.chillimedia.site\/wp-content\/uploads\/2020\/05\/lyckolandet-630x630-1.jpg"}],"twitter_card":"summary_large_image","schema":{"@context":"https:\/\/schema.org","@graph":[{"@type":"WebPage","@id":"https:\/\/lyckseledjurpark.chillimedia.site\/en\/leklandet\/","url":"https:\/\/lyckseledjurpark.chillimedia.site\/en\/leklandet\/","name":"Leklandet - Lycksele Djurpark","isPartOf":{"@id":"https:\/\/lyckseledjurpark.chillimedia.site\/en\/#website"},"primaryImageOfPage":{"@id":"https:\/\/lyckseledjurpark.chillimedia.site\/en\/leklandet\/#primaryimage"},"image":{"@id":"https:\/\/lyckseledjurpark.chillimedia.site\/en\/leklandet\/#primaryimage"},"thumbnailUrl":"https:\/\/lyckseledjurpark.chillimedia.site\/wp-content\/uploads\/2020\/05\/lyckolandet-630x630-1.jpg","datePublished":"2020-05-19T12:28:07+00:00","dateModified":"2024-01-15T11:44:01+00:00","breadcrumb":{"@id":"https:\/\/lyckseledjurpark.chillimedia.site\/en\/leklandet\/#breadcrumb"},"inLanguage":"en-GB","potentialAction":[{"@type":"ReadAction","target":["https:\/\/lyckseledjurpark.chillimedia.site\/en\/leklandet\/"]}]},{"@type":"ImageObject","inLanguage":"en-GB","@id":"https:\/\/lyckseledjurpark.chillimedia.site\/en\/leklandet\/#primaryimage","url":"https:\/\/lyckseledjurpark.chillimedia.site\/wp-content\/uploads\/2020\/05\/lyckolandet-630x630-1.jpg","contentUrl":"https:\/\/lyckseledjurpark.chillimedia.site\/wp-content\/uploads\/2020\/05\/lyckolandet-630x630-1.jpg"},{"@type":"BreadcrumbList","@id":"https:\/\/lyckseledjurpark.chillimedia.site\/en\/leklandet\/#breadcrumb","itemListElement":[{"@type":"ListItem","position":1,"name":"Hem","item":"https:\/\/lyckseledjurpark.chillimedia.site\/"},{"@type":"ListItem","position":2,"name":"Leklandet"}]},{"@type":"WebSite","@id":"https:\/\/lyckseledjurpark.chillimedia.site\/en\/#website","url":"https:\/\/lyckseledjurpark.chillimedia.site\/en\/","name":"Lycksele Djurpark","description":" Sveriges Nordligaste Djurpark","potentialAction":[{"@type":"SearchAction","target":{"@type":"EntryPoint","urlTemplate":"https:\/\/lyckseledjurpark.chillimedia.site\/en\/?s={search_term_string}"},"query-input":"required name=search_term_string"}],"inLanguage":"en-GB"}]}},"_links":{"self":[{"href":"https:\/\/lyckseledjurpark.chillimedia.site\/en\/wp-json\/wp\/v2\/pages\/2215"}],"collection":[{"href":"https:\/\/lyckseledjurpark.chillimedia.site\/en\/wp-json\/wp\/v2\/pages"}],"about":[{"href":"https:\/\/lyckseledjurpark.chillimedia.site\/en\/wp-json\/wp\/v2\/types\/page"}],"author":[{"embeddable":true,"href":"https:\/\/lyckseledjurpark.chillimedia.site\/en\/wp-json\/wp\/v2\/users\/1"}],"replies":[{"embeddable":true,"href":"https:\/\/lyckseledjurpark.chillimedia.site\/en\/wp-json\/wp\/v2\/comments?post=2215"}],"version-history":[{"count":70,"href":"https:\/\/lyckseledjurpark.chillimedia.site\/en\/wp-json\/wp\/v2\/pages\/2215\/revisions"}],"predecessor-version":[{"id":6036,"href":"https:\/\/lyckseledjurpark.chillimedia.site\/en\/wp-json\/wp\/v2\/pages\/2215\/revisions\/6036"}],"wp:attachment":[{"href":"https:\/\/lyckseledjurpark.chillimedia.site\/en\/wp-json\/wp\/v2\/media?parent=2215"}],"curies":[{"name":"wp","href":"https:\/\/api.w.org\/{rel}","templated":true}]}}