{"id":3077,"date":"2020-05-19T14:28:07","date_gmt":"2020-05-19T12:28:07","guid":{"rendered":"https:\/\/lyckseledjurpark.chillimedia.se\/?page_id=3077"},"modified":"2024-03-18T10:33:00","modified_gmt":"2024-03-18T09:33:00","slug":"souvenirbutik","status":"publish","type":"page","link":"https:\/\/lyckseledjurpark.chillimedia.site\/en\/souvenirbutik\/","title":{"rendered":"Souvenir shop"},"content":{"rendered":"<div data-elementor-type=\"wp-page\" data-elementor-id=\"3077\" class=\"elementor elementor-3077\" data-elementor-post-type=\"page\">\n\t\t\t\t\t\t<section class=\"elementor-section elementor-top-section elementor-element elementor-element-6446610d elementor-section-stretched elementor-section-boxed elementor-section-height-default elementor-section-height-default\" data-id=\"6446610d\" data-element_type=\"section\" data-settings=\"{&quot;stretch_section&quot;:&quot;section-stretched&quot;,&quot;background_background&quot;:&quot;classic&quot;}\">\n\t\t\t\t\t\t<div class=\"elementor-container elementor-column-gap-no\">\n\t\t\t\t\t<div class=\"elementor-column elementor-col-50 elementor-top-column elementor-element elementor-element-303ac8d9\" data-id=\"303ac8d9\" data-element_type=\"column\">\n\t\t\t<div class=\"elementor-widget-wrap elementor-element-populated\">\n\t\t\t\t\t\t<div class=\"elementor-element elementor-element-879128e animated-slow elementor-invisible elementor-widget elementor-widget-image\" data-id=\"879128e\" data-element_type=\"widget\" data-settings=\"{&quot;_animation&quot;:&quot;fadeIn&quot;}\" data-widget_type=\"image.default\">\n\t\t\t\t<div class=\"elementor-widget-container\">\n\t\t\t\t\t\t\t\t\t\t\t\t\t<img fetchpriority=\"high\" decoding=\"async\" width=\"1920\" height=\"1080\" src=\"https:\/\/lyckseledjurpark.chillimedia.site\/wp-content\/uploads\/2023\/01\/20221221_110231.jpg\" class=\"attachment-full size-full wp-image-4730\" alt=\"\" srcset=\"https:\/\/lyckseledjurpark.chillimedia.site\/wp-content\/uploads\/2023\/01\/20221221_110231.jpg 1920w, https:\/\/lyckseledjurpark.chillimedia.site\/wp-content\/uploads\/2023\/01\/20221221_110231-300x169.jpg 300w, https:\/\/lyckseledjurpark.chillimedia.site\/wp-content\/uploads\/2023\/01\/20221221_110231-1024x576.jpg 1024w, https:\/\/lyckseledjurpark.chillimedia.site\/wp-content\/uploads\/2023\/01\/20221221_110231-768x432.jpg 768w, https:\/\/lyckseledjurpark.chillimedia.site\/wp-content\/uploads\/2023\/01\/20221221_110231-1536x864.jpg 1536w, https:\/\/lyckseledjurpark.chillimedia.site\/wp-content\/uploads\/2023\/01\/20221221_110231-18x10.jpg 18w\" sizes=\"(max-width: 1920px) 100vw, 1920px\" \/>\t\t\t\t\t\t\t\t\t\t\t\t\t<\/div>\n\t\t\t\t<\/div>\n\t\t\t\t\t<\/div>\n\t\t<\/div>\n\t\t\t\t<div class=\"elementor-column elementor-col-50 elementor-top-column elementor-element elementor-element-774c23c1 img-mask\" data-id=\"774c23c1\" data-element_type=\"column\" data-settings=\"{&quot;background_background&quot;:&quot;classic&quot;}\">\n\t\t\t<div class=\"elementor-widget-wrap elementor-element-populated\">\n\t\t\t\t\t\t<div class=\"elementor-element elementor-element-2bb38f49 elementor-widget elementor-widget-heading\" data-id=\"2bb38f49\" data-element_type=\"widget\" data-widget_type=\"heading.default\">\n\t\t\t\t<div class=\"elementor-widget-container\">\n\t\t\t<h2 class=\"elementor-heading-title elementor-size-default\">I butiken kan du bland annat k\u00f6pa presenter, b\u00f6cker, mjukdjur och andra souvenirer.<\/h2>\t\t<\/div>\n\t\t\t\t<\/div>\n\t\t\t\t<div class=\"elementor-element elementor-element-6c5234f1 elementor-widget elementor-widget-winwood-button\" data-id=\"6c5234f1\" data-element_type=\"widget\" data-widget_type=\"winwood-button.default\">\n\t\t\t\t<div class=\"elementor-widget-container\">\n\t\t\t        <div class=\"elementor-button-wrapper\">\n            <a href=\"tel: 4695016711\" class=\"elementor-button-link elementor-button default\" role=\"button\">\n                Call us if you have any questions            <\/a>\n        <\/div>\n        \t\t<\/div>\n\t\t\t\t<\/div>\n\t\t\t\t\t<\/div>\n\t\t<\/div>\n\t\t\t\t\t<\/div>\n\t\t<\/section>\n\t\t\t\t<\/div>","protected":false},"excerpt":{"rendered":"<p>I butiken kan du bland annat k\u00f6pa presenter, b\u00f6cker, mjukdjur och andra souvenirer. Ring oss om ni har fr\u00e5gor<\/p>","protected":false},"author":1,"featured_media":0,"parent":0,"menu_order":0,"comment_status":"closed","ping_status":"closed","template":"","meta":{"inline_featured_image":false,"footnotes":""},"yoast_head":"<!-- This site is optimized with the Yoast SEO plugin v22.5 - https:\/\/yoast.com\/wordpress\/plugins\/seo\/ -->\n<title>Souvenirbutik - Lycksele Djurpark<\/title>\n<meta name=\"robots\" content=\"index, follow, max-snippet:-1, max-image-preview:large, max-video-preview:-1\" \/>\n<link rel=\"canonical\" href=\"https:\/\/lyckseledjurpark.chillimedia.site\/en\/souvenirbutik\/\" \/>\n<meta property=\"og:locale\" content=\"en_GB\" \/>\n<meta property=\"og:type\" content=\"article\" \/>\n<meta property=\"og:title\" content=\"Souvenirbutik - Lycksele Djurpark\" \/>\n<meta property=\"og:description\" content=\"I butiken kan du bland annat k\u00f6pa presenter, b\u00f6cker, mjukdjur och andra souvenirer. Ring oss om ni har fr\u00e5gor\" \/>\n<meta property=\"og:url\" content=\"https:\/\/lyckseledjurpark.chillimedia.site\/en\/souvenirbutik\/\" \/>\n<meta property=\"og:site_name\" content=\"Lycksele Djurpark\" \/>\n<meta property=\"article:publisher\" content=\"https:\/\/www.facebook.com\/LyckseleDjurparkAB\/\" \/>\n<meta property=\"article:modified_time\" content=\"2024-03-18T09:33:00+00:00\" \/>\n<meta property=\"og:image\" content=\"https:\/\/lyckseledjurpark.chillimedia.site\/wp-content\/uploads\/2023\/01\/20221221_110231.jpg\" \/>\n<meta name=\"twitter:card\" content=\"summary_large_image\" \/>\n<meta name=\"twitter:label1\" content=\"Estimated reading time\" \/>\n\t<meta name=\"twitter:data1\" content=\"1 minute\" \/>\n<script type=\"application\/ld+json\" class=\"yoast-schema-graph\">{\"@context\":\"https:\/\/schema.org\",\"@graph\":[{\"@type\":\"WebPage\",\"@id\":\"https:\/\/lyckseledjurpark.chillimedia.site\/souvenirbutik\/\",\"url\":\"https:\/\/lyckseledjurpark.chillimedia.site\/souvenirbutik\/\",\"name\":\"Souvenirbutik - Lycksele Djurpark\",\"isPartOf\":{\"@id\":\"https:\/\/lyckseledjurpark.chillimedia.site\/en\/#website\"},\"primaryImageOfPage\":{\"@id\":\"https:\/\/lyckseledjurpark.chillimedia.site\/souvenirbutik\/#primaryimage\"},\"image\":{\"@id\":\"https:\/\/lyckseledjurpark.chillimedia.site\/souvenirbutik\/#primaryimage\"},\"thumbnailUrl\":\"https:\/\/lyckseledjurpark.chillimedia.site\/wp-content\/uploads\/2023\/01\/20221221_110231.jpg\",\"datePublished\":\"2020-05-19T12:28:07+00:00\",\"dateModified\":\"2024-03-18T09:33:00+00:00\",\"breadcrumb\":{\"@id\":\"https:\/\/lyckseledjurpark.chillimedia.site\/souvenirbutik\/#breadcrumb\"},\"inLanguage\":\"en-GB\",\"potentialAction\":[{\"@type\":\"ReadAction\",\"target\":[\"https:\/\/lyckseledjurpark.chillimedia.site\/souvenirbutik\/\"]}]},{\"@type\":\"ImageObject\",\"inLanguage\":\"en-GB\",\"@id\":\"https:\/\/lyckseledjurpark.chillimedia.site\/souvenirbutik\/#primaryimage\",\"url\":\"https:\/\/lyckseledjurpark.chillimedia.site\/wp-content\/uploads\/2023\/01\/20221221_110231.jpg\",\"contentUrl\":\"https:\/\/lyckseledjurpark.chillimedia.site\/wp-content\/uploads\/2023\/01\/20221221_110231.jpg\"},{\"@type\":\"BreadcrumbList\",\"@id\":\"https:\/\/lyckseledjurpark.chillimedia.site\/souvenirbutik\/#breadcrumb\",\"itemListElement\":[{\"@type\":\"ListItem\",\"position\":1,\"name\":\"Hem\",\"item\":\"https:\/\/lyckseledjurpark.chillimedia.site\/\"},{\"@type\":\"ListItem\",\"position\":2,\"name\":\"Souvenirbutik\"}]},{\"@type\":\"WebSite\",\"@id\":\"https:\/\/lyckseledjurpark.chillimedia.site\/en\/#website\",\"url\":\"https:\/\/lyckseledjurpark.chillimedia.site\/en\/\",\"name\":\"Lycksele Djurpark\",\"description\":\" Sveriges Nordligaste Djurpark\",\"potentialAction\":[{\"@type\":\"SearchAction\",\"target\":{\"@type\":\"EntryPoint\",\"urlTemplate\":\"https:\/\/lyckseledjurpark.chillimedia.site\/en\/?s={search_term_string}\"},\"query-input\":\"required name=search_term_string\"}],\"inLanguage\":\"en-GB\"}]}<\/script>\n<!-- \/ Yoast SEO plugin. -->","yoast_head_json":{"title":"Souvenirbutik - Lycksele Djurpark","robots":{"index":"index","follow":"follow","max-snippet":"max-snippet:-1","max-image-preview":"max-image-preview:large","max-video-preview":"max-video-preview:-1"},"canonical":"https:\/\/lyckseledjurpark.chillimedia.site\/en\/souvenirbutik\/","og_locale":"en_GB","og_type":"article","og_title":"Souvenirbutik - Lycksele Djurpark","og_description":"I butiken kan du bland annat k\u00f6pa presenter, b\u00f6cker, mjukdjur och andra souvenirer. Ring oss om ni har fr\u00e5gor","og_url":"https:\/\/lyckseledjurpark.chillimedia.site\/en\/souvenirbutik\/","og_site_name":"Lycksele Djurpark","article_publisher":"https:\/\/www.facebook.com\/LyckseleDjurparkAB\/","article_modified_time":"2024-03-18T09:33:00+00:00","og_image":[{"url":"https:\/\/lyckseledjurpark.chillimedia.site\/wp-content\/uploads\/2023\/01\/20221221_110231.jpg"}],"twitter_card":"summary_large_image","twitter_misc":{"Estimated reading time":"1 minute"},"schema":{"@context":"https:\/\/schema.org","@graph":[{"@type":"WebPage","@id":"https:\/\/lyckseledjurpark.chillimedia.site\/souvenirbutik\/","url":"https:\/\/lyckseledjurpark.chillimedia.site\/souvenirbutik\/","name":"Souvenirbutik - Lycksele Djurpark","isPartOf":{"@id":"https:\/\/lyckseledjurpark.chillimedia.site\/en\/#website"},"primaryImageOfPage":{"@id":"https:\/\/lyckseledjurpark.chillimedia.site\/souvenirbutik\/#primaryimage"},"image":{"@id":"https:\/\/lyckseledjurpark.chillimedia.site\/souvenirbutik\/#primaryimage"},"thumbnailUrl":"https:\/\/lyckseledjurpark.chillimedia.site\/wp-content\/uploads\/2023\/01\/20221221_110231.jpg","datePublished":"2020-05-19T12:28:07+00:00","dateModified":"2024-03-18T09:33:00+00:00","breadcrumb":{"@id":"https:\/\/lyckseledjurpark.chillimedia.site\/souvenirbutik\/#breadcrumb"},"inLanguage":"en-GB","potentialAction":[{"@type":"ReadAction","target":["https:\/\/lyckseledjurpark.chillimedia.site\/souvenirbutik\/"]}]},{"@type":"ImageObject","inLanguage":"en-GB","@id":"https:\/\/lyckseledjurpark.chillimedia.site\/souvenirbutik\/#primaryimage","url":"https:\/\/lyckseledjurpark.chillimedia.site\/wp-content\/uploads\/2023\/01\/20221221_110231.jpg","contentUrl":"https:\/\/lyckseledjurpark.chillimedia.site\/wp-content\/uploads\/2023\/01\/20221221_110231.jpg"},{"@type":"BreadcrumbList","@id":"https:\/\/lyckseledjurpark.chillimedia.site\/souvenirbutik\/#breadcrumb","itemListElement":[{"@type":"ListItem","position":1,"name":"Hem","item":"https:\/\/lyckseledjurpark.chillimedia.site\/"},{"@type":"ListItem","position":2,"name":"Souvenirbutik"}]},{"@type":"WebSite","@id":"https:\/\/lyckseledjurpark.chillimedia.site\/en\/#website","url":"https:\/\/lyckseledjurpark.chillimedia.site\/en\/","name":"Lycksele Djurpark","description":" Sveriges Nordligaste Djurpark","potentialAction":[{"@type":"SearchAction","target":{"@type":"EntryPoint","urlTemplate":"https:\/\/lyckseledjurpark.chillimedia.site\/en\/?s={search_term_string}"},"query-input":"required name=search_term_string"}],"inLanguage":"en-GB"}]}},"_links":{"self":[{"href":"https:\/\/lyckseledjurpark.chillimedia.site\/en\/wp-json\/wp\/v2\/pages\/3077"}],"collection":[{"href":"https:\/\/lyckseledjurpark.chillimedia.site\/en\/wp-json\/wp\/v2\/pages"}],"about":[{"href":"https:\/\/lyckseledjurpark.chillimedia.site\/en\/wp-json\/wp\/v2\/types\/page"}],"author":[{"embeddable":true,"href":"https:\/\/lyckseledjurpark.chillimedia.site\/en\/wp-json\/wp\/v2\/users\/1"}],"replies":[{"embeddable":true,"href":"https:\/\/lyckseledjurpark.chillimedia.site\/en\/wp-json\/wp\/v2\/comments?post=3077"}],"version-history":[{"count":17,"href":"https:\/\/lyckseledjurpark.chillimedia.site\/en\/wp-json\/wp\/v2\/pages\/3077\/revisions"}],"predecessor-version":[{"id":6152,"href":"https:\/\/lyckseledjurpark.chillimedia.site\/en\/wp-json\/wp\/v2\/pages\/3077\/revisions\/6152"}],"wp:attachment":[{"href":"https:\/\/lyckseledjurpark.chillimedia.site\/en\/wp-json\/wp\/v2\/media?parent=3077"}],"curies":[{"name":"wp","href":"https:\/\/api.w.org\/{rel}","templated":true}]}}