{"id":392,"date":"2020-03-06T07:48:13","date_gmt":"2020-03-06T07:48:13","guid":{"rendered":"http:\/\/source.wpopal.com\/winwood\/?page_id=392"},"modified":"2024-03-18T10:23:47","modified_gmt":"2024-03-18T09:23:47","slug":"kontakt","status":"publish","type":"page","link":"https:\/\/lyckseledjurpark.chillimedia.site\/en\/kontakt\/","title":{"rendered":"Contact"},"content":{"rendered":"<div data-elementor-type=\"wp-page\" data-elementor-id=\"392\" class=\"elementor elementor-392\" data-elementor-post-type=\"page\">\n\t\t\t\t\t\t<section class=\"elementor-section elementor-top-section elementor-element elementor-element-20704ad elementor-section-stretched elementor-section-boxed elementor-section-height-default elementor-section-height-default\" data-id=\"20704ad\" data-element_type=\"section\" data-settings=\"{&quot;stretch_section&quot;:&quot;section-stretched&quot;}\">\n\t\t\t\t\t\t<div class=\"elementor-container elementor-column-gap-no\">\n\t\t\t\t\t<div class=\"elementor-column elementor-col-100 elementor-top-column elementor-element elementor-element-79d9cb2\" data-id=\"79d9cb2\" data-element_type=\"column\">\n\t\t\t<div class=\"elementor-widget-wrap elementor-element-populated\">\n\t\t\t\t\t\t<div class=\"elementor-element elementor-element-e14a957 elementor-widget elementor-widget-heading\" data-id=\"e14a957\" data-element_type=\"widget\" data-widget_type=\"heading.default\">\n\t\t\t\t<div class=\"elementor-widget-container\">\n\t\t\t<h2 class=\"elementor-heading-title elementor-size-default\">Feel free to contact us! <\/h2>\t\t<\/div>\n\t\t\t\t<\/div>\n\t\t\t\t<div class=\"elementor-element elementor-element-3c64b02 elementor-view-default elementor-widget elementor-widget-icon\" data-id=\"3c64b02\" data-element_type=\"widget\" data-widget_type=\"icon.default\">\n\t\t\t\t<div class=\"elementor-widget-container\">\n\t\t\t\t\t<div class=\"elementor-icon-wrapper\">\n\t\t\t<div class=\"elementor-icon\">\n\t\t\t<i aria-hidden=\"true\" class=\"winwood-icon- winwood-icon-title-decor\"><\/i>\t\t\t<\/div>\n\t\t<\/div>\n\t\t\t\t<\/div>\n\t\t\t\t<\/div>\n\t\t\t\t\t<\/div>\n\t\t<\/div>\n\t\t\t\t\t<\/div>\n\t\t<\/section>\n\t\t\t\t<section class=\"elementor-section elementor-top-section elementor-element elementor-element-126ff4d elementor-section-stretched elementor-section-boxed elementor-section-height-default elementor-section-height-default\" data-id=\"126ff4d\" data-element_type=\"section\" data-settings=\"{&quot;stretch_section&quot;:&quot;section-stretched&quot;}\">\n\t\t\t\t\t\t<div class=\"elementor-container elementor-column-gap-no\">\n\t\t\t\t\t<div class=\"elementor-column elementor-col-50 elementor-top-column elementor-element elementor-element-616c8bf img-mask\" data-id=\"616c8bf\" data-element_type=\"column\" data-settings=\"{&quot;background_background&quot;:&quot;classic&quot;}\">\n\t\t\t<div class=\"elementor-widget-wrap elementor-element-populated\">\n\t\t\t\t\t\t<div class=\"elementor-element elementor-element-c5ff0ff elementor-widget elementor-widget-heading\" data-id=\"c5ff0ff\" data-element_type=\"widget\" data-widget_type=\"heading.default\">\n\t\t\t\t<div class=\"elementor-widget-container\">\n\t\t\t<h2 class=\"elementor-heading-title elementor-size-default\">Would you like to make a booking?<\/h2>\t\t<\/div>\n\t\t\t\t<\/div>\n\t\t\t\t<div class=\"elementor-element elementor-element-e465b21 elementor-widget elementor-widget-text-editor\" data-id=\"e465b21\" data-element_type=\"widget\" data-widget_type=\"text-editor.default\">\n\t\t\t\t<div class=\"elementor-widget-container\">\n\t\t\t\t\t\t\t<p>Call us directly at:<\/p>\t\t\t\t\t\t<\/div>\n\t\t\t\t<\/div>\n\t\t\t\t<div class=\"elementor-element elementor-element-db9a91f elementor-widget elementor-widget-text-editor\" data-id=\"db9a91f\" data-element_type=\"widget\" data-widget_type=\"text-editor.default\">\n\t\t\t\t<div class=\"elementor-widget-container\">\n\t\t\t\t\t\t\t<p><a href=\"tel: 46950-16711\">+(46) 950-167 11<\/a><\/p>\t\t\t\t\t\t<\/div>\n\t\t\t\t<\/div>\n\t\t\t\t<div class=\"elementor-element elementor-element-ac08dc6 elementor-widget elementor-widget-text-editor\" data-id=\"ac08dc6\" data-element_type=\"widget\" data-widget_type=\"text-editor.default\">\n\t\t\t\t<div class=\"elementor-widget-container\">\n\t\t\t\t\t\t\t<p>Opening hours:<\/p>\t\t\t\t\t\t<\/div>\n\t\t\t\t<\/div>\n\t\t\t\t<div class=\"elementor-element elementor-element-37ff4dc elementor-widget elementor-widget-text-editor\" data-id=\"37ff4dc\" data-element_type=\"widget\" data-widget_type=\"text-editor.default\">\n\t\t\t\t<div class=\"elementor-widget-container\">\n\t\t\t\t\t\t\t<p>10.00 \u2013 16.00 Monday \u2013 Friday<\/p>\t\t\t\t\t\t<\/div>\n\t\t\t\t<\/div>\n\t\t\t\t<div class=\"elementor-element elementor-element-bd123fa elementor-widget elementor-widget-text-editor\" data-id=\"bd123fa\" data-element_type=\"widget\" data-widget_type=\"text-editor.default\">\n\t\t\t\t<div class=\"elementor-widget-container\">\n\t\t\t\t\t\t\t<p>Adress:<\/p>\t\t\t\t\t\t<\/div>\n\t\t\t\t<\/div>\n\t\t\t\t<div class=\"elementor-element elementor-element-12812fc elementor-widget elementor-widget-text-editor\" data-id=\"12812fc\" data-element_type=\"widget\" data-widget_type=\"text-editor.default\">\n\t\t\t\t<div class=\"elementor-widget-container\">\n\t\t\t\t\t\t\t<p>Br\u00e4nnbergsv\u00e4gen, 921 36 Lycksele<\/p>\t\t\t\t\t\t<\/div>\n\t\t\t\t<\/div>\n\t\t\t\t<div class=\"elementor-element elementor-element-17ac079 elementor-widget elementor-widget-text-editor\" data-id=\"17ac079\" data-element_type=\"widget\" data-widget_type=\"text-editor.default\">\n\t\t\t\t<div class=\"elementor-widget-container\">\n\t\t\t\t\t\t\t<p>Postal adress:<\/p>\t\t\t\t\t\t<\/div>\n\t\t\t\t<\/div>\n\t\t\t\t<div class=\"elementor-element elementor-element-89501a0 elementor-widget elementor-widget-text-editor\" data-id=\"89501a0\" data-element_type=\"widget\" data-widget_type=\"text-editor.default\">\n\t\t\t\t<div class=\"elementor-widget-container\">\n\t\t\t\t\t\t\t<p>Lycksele Djurpark AB, 921 81 Lycksele<\/p>\t\t\t\t\t\t<\/div>\n\t\t\t\t<\/div>\n\t\t\t\t\t<\/div>\n\t\t<\/div>\n\t\t\t\t<div class=\"elementor-column elementor-col-50 elementor-top-column elementor-element elementor-element-09e5b08 img-mask\" data-id=\"09e5b08\" data-element_type=\"column\" data-settings=\"{&quot;background_background&quot;:&quot;classic&quot;}\">\n\t\t\t<div class=\"elementor-widget-wrap elementor-element-populated\">\n\t\t\t\t\t\t<div class=\"elementor-element elementor-element-d03fe75 elementor-widget elementor-widget-heading\" data-id=\"d03fe75\" data-element_type=\"widget\" data-widget_type=\"heading.default\">\n\t\t\t\t<div class=\"elementor-widget-container\">\n\t\t\t<h2 class=\"elementor-heading-title elementor-size-default\">Public feedback or questions?<\/h2>\t\t<\/div>\n\t\t\t\t<\/div>\n\t\t\t\t<div class=\"elementor-element elementor-element-352fc1d elementor-widget elementor-widget-text-editor\" data-id=\"352fc1d\" data-element_type=\"widget\" data-widget_type=\"text-editor.default\">\n\t\t\t\t<div class=\"elementor-widget-container\">\n\t\t\t\t\t\t\t<p>Whether it's good or bad, you are welcome to contact us. Through your feedback we can make our services even better. Fill out the form further down the page and we will get back to you shortly.<\/p>\t\t\t\t\t\t<\/div>\n\t\t\t\t<\/div>\n\t\t\t\t<div class=\"elementor-element elementor-element-39731c1 elementor-widget elementor-widget-heading\" data-id=\"39731c1\" data-element_type=\"widget\" data-widget_type=\"heading.default\">\n\t\t\t\t<div class=\"elementor-widget-container\">\n\t\t\t<h2 class=\"elementor-heading-title elementor-size-default\">Data Protection<\/h2>\t\t<\/div>\n\t\t\t\t<\/div>\n\t\t\t\t<div class=\"elementor-element elementor-element-be35c05 elementor-widget elementor-widget-text-editor\" data-id=\"be35c05\" data-element_type=\"widget\" data-widget_type=\"text-editor.default\">\n\t\t\t\t<div class=\"elementor-widget-container\">\n\t\t\t\t\t\t\t<p><strong>You can contact our data protection officer via one of the channels below<\/strong><br \/>kommun@lycksele.se<br \/>(+46) 950 166 00<br \/>Lycksele kommun, Data Protection Officer, 921 81 Lycksele<\/p>\t\t\t\t\t\t<\/div>\n\t\t\t\t<\/div>\n\t\t\t\t\t<\/div>\n\t\t<\/div>\n\t\t\t\t\t<\/div>\n\t\t<\/section>\n\t\t\t\t<section class=\"elementor-section elementor-top-section elementor-element elementor-element-7605daf elementor-section-stretched elementor-section-boxed elementor-section-height-default elementor-section-height-default\" data-id=\"7605daf\" data-element_type=\"section\" data-settings=\"{&quot;stretch_section&quot;:&quot;section-stretched&quot;}\">\n\t\t\t\t\t\t<div class=\"elementor-container elementor-column-gap-no\">\n\t\t\t\t\t<div class=\"elementor-column elementor-col-100 elementor-top-column elementor-element elementor-element-da75246\" data-id=\"da75246\" data-element_type=\"column\">\n\t\t\t<div class=\"elementor-widget-wrap elementor-element-populated\">\n\t\t\t\t\t\t<div class=\"elementor-element elementor-element-c686b2d elementor-widget elementor-widget-heading\" data-id=\"c686b2d\" data-element_type=\"widget\" data-widget_type=\"heading.default\">\n\t\t\t\t<div class=\"elementor-widget-container\">\n\t\t\t<h2 class=\"elementor-heading-title elementor-size-default\">Leave a message<\/h2>\t\t<\/div>\n\t\t\t\t<\/div>\n\t\t\t\t<div class=\"elementor-element elementor-element-4f9bf27 elementor-view-default elementor-widget elementor-widget-icon\" data-id=\"4f9bf27\" data-element_type=\"widget\" data-widget_type=\"icon.default\">\n\t\t\t\t<div class=\"elementor-widget-container\">\n\t\t\t\t\t<div class=\"elementor-icon-wrapper\">\n\t\t\t<div class=\"elementor-icon\">\n\t\t\t<i aria-hidden=\"true\" class=\"winwood-icon- winwood-icon-title-decor\"><\/i>\t\t\t<\/div>\n\t\t<\/div>\n\t\t\t\t<\/div>\n\t\t\t\t<\/div>\n\t\t\t\t<div class=\"elementor-element elementor-element-3a8b184 elementor-widget elementor-widget-winwood-contactform\" data-id=\"3a8b184\" data-element_type=\"widget\" data-widget_type=\"winwood-contactform.default\">\n\t\t\t\t<div class=\"elementor-widget-container\">\n\t\t\t\n<div class=\"wpcf7 no-js\" id=\"wpcf7-f32-o1\" lang=\"en-US\" dir=\"ltr\">\n<div class=\"screen-reader-response\"><p role=\"status\" aria-live=\"polite\" aria-atomic=\"true\"><\/p> <ul><\/ul><\/div>\n<form action=\"\/en\/wp-json\/wp\/v2\/pages\/392#wpcf7-f32-o1\" method=\"post\" class=\"wpcf7-form init\" aria-label=\"Contact form\" novalidate=\"novalidate\" data-status=\"init\" data-trp-original-action=\"\/en\/wp-json\/wp\/v2\/pages\/392#wpcf7-f32-o1\">\n<div style=\"display: none;\">\n<input type=\"hidden\" name=\"_wpcf7\" value=\"32\" \/>\n<input type=\"hidden\" name=\"_wpcf7_version\" value=\"5.9\" \/>\n<input type=\"hidden\" name=\"_wpcf7_locale\" value=\"en_US\" \/>\n<input type=\"hidden\" name=\"_wpcf7_unit_tag\" value=\"wpcf7-f32-o1\" \/>\n<input type=\"hidden\" name=\"_wpcf7_container_post\" value=\"0\" \/>\n<input type=\"hidden\" name=\"_wpcf7_posted_data_hash\" value=\"\" \/>\n<input type=\"hidden\" name=\"_wpcf7_recaptcha_response\" value=\"\" \/>\n<\/div>\n<div class=\"row\">\n\t<div class=\"column-12 column-tablet-6\">\n\t\t<p><label> Your name*<\/label><span class=\"wpcf7-form-control-wrap\" data-name=\"your-name\"><input size=\"40\" class=\"wpcf7-form-control wpcf7-text wpcf7-validates-as-required\" aria-required=\"true\" aria-invalid=\"false\" placeholder=\"Eg. Joe Doe\" value=\"\" type=\"text\" name=\"your-name\" \/><\/span><br \/>\n<label> Your phone number* <\/label><span class=\"wpcf7-form-control-wrap\" data-name=\"your-phone\"><input size=\"40\" class=\"wpcf7-form-control wpcf7-text wpcf7-validates-as-required\" aria-required=\"true\" aria-invalid=\"false\" placeholder=\"Phone number\" value=\"\" type=\"text\" name=\"your-phone\" \/><\/span>\n\t\t<\/p>\n\t<\/div>\n\t<div class=\"column-12 column-tablet-6\">\n\t\t<p><label> Your e-mail* <\/label><span class=\"wpcf7-form-control-wrap\" data-name=\"your-email\"><input size=\"40\" class=\"wpcf7-form-control wpcf7-email wpcf7-validates-as-required wpcf7-text wpcf7-validates-as-email\" aria-required=\"true\" aria-invalid=\"false\" placeholder=\"name@example.com\" value=\"\" type=\"email\" name=\"your-email\" \/><\/span><br \/>\n<label> Subject <\/label><span class=\"wpcf7-form-control-wrap\" data-name=\"your-subject\"><input size=\"40\" class=\"wpcf7-form-control wpcf7-text\" aria-invalid=\"false\" placeholder=\"Subject...\" value=\"\" type=\"text\" name=\"your-subject\" \/><\/span>\n\t\t<\/p>\n\t<\/div>\n\t<div class=\"column-12\">\n\t\t<p><label> Your message* <\/label><span class=\"wpcf7-form-control-wrap\" data-name=\"your-message\"><textarea cols=\"40\" rows=\"3\" class=\"wpcf7-form-control wpcf7-textarea\" aria-invalid=\"false\" placeholder=\"Write your message here...\" name=\"your-message\"><\/textarea><\/span>\n\t\t<\/p>\n\t<\/div>\n\t<div class=\"column-12 acceptance-before-submit\">\n\t\t<p><span id=\"acceptance-wrapper\"><span class=\"wpcf7-form-control-wrap\" data-name=\"accept-terms\"><span class=\"wpcf7-form-control wpcf7-acceptance\"><span class=\"wpcf7-list-item\"><label><input type=\"checkbox\" name=\"accept-terms\" value=\"1\" class=\"accept-terms\" id=\"accept-terms\" aria-invalid=\"false\" \/><span class=\"wpcf7-list-item-label\">Jag godk\u00e4nner <a href=\"https:\/\/lyckseledjurpark.chillimedia.site\/en\/integritetspolicy\/\" class=\"high-light\" target=\"_blank\" title=\"L\u00e4s integritetspolicyn\">integritetspolicyn<\/a>.<\/span><\/label><\/span><\/span><\/span><\/span>\n\t\t<\/p>\n\t<\/div>\n<\/div>\n<p><span id=\"wpcf7-69e60728e2722-wrapper\" class=\"wpcf7-form-control-wrap your-url-wrap\" ><label for=\"wpcf7-69e60728e2722-field\" class=\"hp-message\">Please leave this field empty.<\/label><input id=\"wpcf7-69e60728e2722-field\"  class=\"wpcf7-form-control wpcf7-text\" type=\"text\" name=\"your-url\" value=\"\" size=\"40\" tabindex=\"-1\" autocomplete=\"new-password\" \/><\/span><br \/>\n<input class=\"wpcf7-form-control wpcf7-submit has-spinner\" type=\"submit\" value=\"Send\" \/>\n<\/p><div class=\"wpcf7-response-output\" aria-hidden=\"true\"><\/div>\n<input type=\"hidden\" name=\"trp-form-language\" value=\"en\"\/><\/form>\n<\/div>\n\t\t<\/div>\n\t\t\t\t<\/div>\n\t\t\t\t<div class=\"elementor-element elementor-element-1b03604 elementor-widget elementor-widget-text-editor\" data-id=\"1b03604\" data-element_type=\"widget\" data-widget_type=\"text-editor.default\">\n\t\t\t\t<div class=\"elementor-widget-container\">\n\t\t\t\t\t\t\t<p>* Formul\u00e4ret \u00e4r skyddat av reCAPTCHA. Googles <a href=\"https:\/\/policies.google.com\/privacy\">integrity policy<\/a> and <a href=\"https:\/\/policies.google.com\/terms\">anv\u00e4ndarvillkor<\/a> g\u00e4ller.<\/p>\t\t\t\t\t\t<\/div>\n\t\t\t\t<\/div>\n\t\t\t\t\t<\/div>\n\t\t<\/div>\n\t\t\t\t\t<\/div>\n\t\t<\/section>\n\t\t\t\t<\/div>","protected":false},"excerpt":{"rendered":"<p>Kontakta oss g\u00e4rna! Vill du g\u00f6ra en bokning hos oss? Ring oss direkt p\u00e5 f\u00f6ljande nummer: +(46) 950-167 11 \u00d6ppettider: 10.00 &#8211; 16.00 M\u00e5ndag &#8211; fredag Bes\u00f6ksadress: Br\u00e4nnbergsv\u00e4gen, 921 36 Lycksele Postadress: Lycksele Djurpark AB, 921 81 Lycksele Alllm\u00e4n feedback eller fr\u00e5gor? Oavsett om det \u00e4r ris eller ros s\u00e5 \u00e4r du v\u00e4lkommen att h\u00f6ra [&hellip;]<\/p>","protected":false},"author":1,"featured_media":0,"parent":0,"menu_order":0,"comment_status":"closed","ping_status":"closed","template":"elementor_header_footer","meta":{"inline_featured_image":false,"footnotes":""},"yoast_head":"<!-- This site is optimized with the Yoast SEO plugin v22.5 - https:\/\/yoast.com\/wordpress\/plugins\/seo\/ -->\n<title>Kontakt - Lycksele Djurpark<\/title>\n<meta name=\"robots\" content=\"index, follow, max-snippet:-1, max-image-preview:large, max-video-preview:-1\" \/>\n<link rel=\"canonical\" href=\"https:\/\/lyckseledjurpark.chillimedia.site\/en\/kontakt\/\" \/>\n<meta property=\"og:locale\" content=\"en_GB\" \/>\n<meta property=\"og:type\" content=\"article\" \/>\n<meta property=\"og:title\" content=\"Kontakt - Lycksele Djurpark\" \/>\n<meta property=\"og:description\" content=\"Kontakta oss g\u00e4rna! Vill du g\u00f6ra en bokning hos oss? Ring oss direkt p\u00e5 f\u00f6ljande nummer: +(46) 950-167 11 \u00d6ppettider: 10.00 &#8211; 16.00 M\u00e5ndag &#8211; fredag Bes\u00f6ksadress: Br\u00e4nnbergsv\u00e4gen, 921 36 Lycksele Postadress: Lycksele Djurpark AB, 921 81 Lycksele Alllm\u00e4n feedback eller fr\u00e5gor? Oavsett om det \u00e4r ris eller ros s\u00e5 \u00e4r du v\u00e4lkommen att h\u00f6ra [&hellip;]\" \/>\n<meta property=\"og:url\" content=\"https:\/\/lyckseledjurpark.chillimedia.site\/en\/kontakt\/\" \/>\n<meta property=\"og:site_name\" content=\"Lycksele Djurpark\" \/>\n<meta property=\"article:publisher\" content=\"https:\/\/www.facebook.com\/LyckseleDjurparkAB\/\" \/>\n<meta property=\"article:modified_time\" content=\"2024-03-18T09:23:47+00:00\" \/>\n<meta name=\"twitter:card\" content=\"summary_large_image\" \/>\n<meta name=\"twitter:label1\" content=\"Estimated reading time\" \/>\n\t<meta name=\"twitter:data1\" content=\"1 minute\" \/>\n<script type=\"application\/ld+json\" class=\"yoast-schema-graph\">{\"@context\":\"https:\/\/schema.org\",\"@graph\":[{\"@type\":\"WebPage\",\"@id\":\"https:\/\/lyckseledjurpark.chillimedia.site\/kontakt\/\",\"url\":\"https:\/\/lyckseledjurpark.chillimedia.site\/kontakt\/\",\"name\":\"Kontakt - Lycksele Djurpark\",\"isPartOf\":{\"@id\":\"https:\/\/lyckseledjurpark.chillimedia.site\/en\/#website\"},\"datePublished\":\"2020-03-06T07:48:13+00:00\",\"dateModified\":\"2024-03-18T09:23:47+00:00\",\"breadcrumb\":{\"@id\":\"https:\/\/lyckseledjurpark.chillimedia.site\/kontakt\/#breadcrumb\"},\"inLanguage\":\"en-GB\",\"potentialAction\":[{\"@type\":\"ReadAction\",\"target\":[\"https:\/\/lyckseledjurpark.chillimedia.site\/kontakt\/\"]}]},{\"@type\":\"BreadcrumbList\",\"@id\":\"https:\/\/lyckseledjurpark.chillimedia.site\/kontakt\/#breadcrumb\",\"itemListElement\":[{\"@type\":\"ListItem\",\"position\":1,\"name\":\"Hem\",\"item\":\"https:\/\/lyckseledjurpark.chillimedia.site\/\"},{\"@type\":\"ListItem\",\"position\":2,\"name\":\"Kontakt\"}]},{\"@type\":\"WebSite\",\"@id\":\"https:\/\/lyckseledjurpark.chillimedia.site\/en\/#website\",\"url\":\"https:\/\/lyckseledjurpark.chillimedia.site\/en\/\",\"name\":\"Lycksele Djurpark\",\"description\":\" Sveriges Nordligaste Djurpark\",\"potentialAction\":[{\"@type\":\"SearchAction\",\"target\":{\"@type\":\"EntryPoint\",\"urlTemplate\":\"https:\/\/lyckseledjurpark.chillimedia.site\/en\/?s={search_term_string}\"},\"query-input\":\"required name=search_term_string\"}],\"inLanguage\":\"en-GB\"}]}<\/script>\n<!-- \/ Yoast SEO plugin. -->","yoast_head_json":{"title":"Kontakt - Lycksele Djurpark","robots":{"index":"index","follow":"follow","max-snippet":"max-snippet:-1","max-image-preview":"max-image-preview:large","max-video-preview":"max-video-preview:-1"},"canonical":"https:\/\/lyckseledjurpark.chillimedia.site\/en\/kontakt\/","og_locale":"en_GB","og_type":"article","og_title":"Kontakt - Lycksele Djurpark","og_description":"Kontakta oss g\u00e4rna! Vill du g\u00f6ra en bokning hos oss? Ring oss direkt p\u00e5 f\u00f6ljande nummer: +(46) 950-167 11 \u00d6ppettider: 10.00 &#8211; 16.00 M\u00e5ndag &#8211; fredag Bes\u00f6ksadress: Br\u00e4nnbergsv\u00e4gen, 921 36 Lycksele Postadress: Lycksele Djurpark AB, 921 81 Lycksele Alllm\u00e4n feedback eller fr\u00e5gor? Oavsett om det \u00e4r ris eller ros s\u00e5 \u00e4r du v\u00e4lkommen att h\u00f6ra [&hellip;]","og_url":"https:\/\/lyckseledjurpark.chillimedia.site\/en\/kontakt\/","og_site_name":"Lycksele Djurpark","article_publisher":"https:\/\/www.facebook.com\/LyckseleDjurparkAB\/","article_modified_time":"2024-03-18T09:23:47+00:00","twitter_card":"summary_large_image","twitter_misc":{"Estimated reading time":"1 minute"},"schema":{"@context":"https:\/\/schema.org","@graph":[{"@type":"WebPage","@id":"https:\/\/lyckseledjurpark.chillimedia.site\/kontakt\/","url":"https:\/\/lyckseledjurpark.chillimedia.site\/kontakt\/","name":"Kontakt - Lycksele Djurpark","isPartOf":{"@id":"https:\/\/lyckseledjurpark.chillimedia.site\/en\/#website"},"datePublished":"2020-03-06T07:48:13+00:00","dateModified":"2024-03-18T09:23:47+00:00","breadcrumb":{"@id":"https:\/\/lyckseledjurpark.chillimedia.site\/kontakt\/#breadcrumb"},"inLanguage":"en-GB","potentialAction":[{"@type":"ReadAction","target":["https:\/\/lyckseledjurpark.chillimedia.site\/kontakt\/"]}]},{"@type":"BreadcrumbList","@id":"https:\/\/lyckseledjurpark.chillimedia.site\/kontakt\/#breadcrumb","itemListElement":[{"@type":"ListItem","position":1,"name":"Hem","item":"https:\/\/lyckseledjurpark.chillimedia.site\/"},{"@type":"ListItem","position":2,"name":"Kontakt"}]},{"@type":"WebSite","@id":"https:\/\/lyckseledjurpark.chillimedia.site\/en\/#website","url":"https:\/\/lyckseledjurpark.chillimedia.site\/en\/","name":"Lycksele Djurpark","description":" Sveriges Nordligaste Djurpark","potentialAction":[{"@type":"SearchAction","target":{"@type":"EntryPoint","urlTemplate":"https:\/\/lyckseledjurpark.chillimedia.site\/en\/?s={search_term_string}"},"query-input":"required name=search_term_string"}],"inLanguage":"en-GB"}]}},"_links":{"self":[{"href":"https:\/\/lyckseledjurpark.chillimedia.site\/en\/wp-json\/wp\/v2\/pages\/392"}],"collection":[{"href":"https:\/\/lyckseledjurpark.chillimedia.site\/en\/wp-json\/wp\/v2\/pages"}],"about":[{"href":"https:\/\/lyckseledjurpark.chillimedia.site\/en\/wp-json\/wp\/v2\/types\/page"}],"author":[{"embeddable":true,"href":"https:\/\/lyckseledjurpark.chillimedia.site\/en\/wp-json\/wp\/v2\/users\/1"}],"replies":[{"embeddable":true,"href":"https:\/\/lyckseledjurpark.chillimedia.site\/en\/wp-json\/wp\/v2\/comments?post=392"}],"version-history":[{"count":27,"href":"https:\/\/lyckseledjurpark.chillimedia.site\/en\/wp-json\/wp\/v2\/pages\/392\/revisions"}],"predecessor-version":[{"id":6141,"href":"https:\/\/lyckseledjurpark.chillimedia.site\/en\/wp-json\/wp\/v2\/pages\/392\/revisions\/6141"}],"wp:attachment":[{"href":"https:\/\/lyckseledjurpark.chillimedia.site\/en\/wp-json\/wp\/v2\/media?parent=392"}],"curies":[{"name":"wp","href":"https:\/\/api.w.org\/{rel}","templated":true}]}}