{"id":4582,"date":"2020-05-19T11:08:56","date_gmt":"2020-05-19T09:08:56","guid":{"rendered":"https:\/\/lyckseledjurpark.chillimedia.site\/?page_id=4582"},"modified":"2023-12-24T00:13:08","modified_gmt":"2023-12-23T23:13:08","slug":"aktuellt-just-nu","status":"publish","type":"page","link":"https:\/\/lyckseledjurpark.chillimedia.site\/en\/aktuellt-just-nu\/","title":{"rendered":"Right now"},"content":{"rendered":"<div data-elementor-type=\"wp-page\" data-elementor-id=\"4582\" class=\"elementor elementor-4582\" data-elementor-post-type=\"page\">\n\t\t\t\t\t\t<section class=\"elementor-section elementor-top-section elementor-element elementor-element-9bb392e elementor-section-stretched elementor-reverse-tablet elementor-reverse-mobile elementor-section-boxed elementor-section-height-default elementor-section-height-default\" data-id=\"9bb392e\" data-element_type=\"section\" data-settings=\"{&quot;stretch_section&quot;:&quot;section-stretched&quot;}\">\n\t\t\t\t\t\t<div class=\"elementor-container elementor-column-gap-no\">\n\t\t\t\t\t<div class=\"elementor-column elementor-col-50 elementor-top-column elementor-element elementor-element-4449ad1\" data-id=\"4449ad1\" data-element_type=\"column\">\n\t\t\t<div class=\"elementor-widget-wrap elementor-element-populated\">\n\t\t\t\t\t\t<div class=\"elementor-element elementor-element-abffd7b img-mask elementor-widget elementor-widget-image\" data-id=\"abffd7b\" data-element_type=\"widget\" data-widget_type=\"image.default\">\n\t\t\t\t<div class=\"elementor-widget-container\">\n\t\t\t\t\t\t\t\t\t\t\t\t\t<img fetchpriority=\"high\" decoding=\"async\" width=\"1280\" height=\"853\" src=\"https:\/\/lyckseledjurpark.chillimedia.site\/wp-content\/uploads\/2022\/10\/Pixel-var-2021.jpg\" class=\"attachment-full size-full wp-image-4606\" alt=\"\" srcset=\"https:\/\/lyckseledjurpark.chillimedia.site\/wp-content\/uploads\/2022\/10\/Pixel-var-2021.jpg 1280w, https:\/\/lyckseledjurpark.chillimedia.site\/wp-content\/uploads\/2022\/10\/Pixel-var-2021-300x200.jpg 300w, https:\/\/lyckseledjurpark.chillimedia.site\/wp-content\/uploads\/2022\/10\/Pixel-var-2021-1024x682.jpg 1024w, https:\/\/lyckseledjurpark.chillimedia.site\/wp-content\/uploads\/2022\/10\/Pixel-var-2021-768x512.jpg 768w, https:\/\/lyckseledjurpark.chillimedia.site\/wp-content\/uploads\/2022\/10\/Pixel-var-2021-18x12.jpg 18w\" sizes=\"(max-width: 1280px) 100vw, 1280px\" \/>\t\t\t\t\t\t\t\t\t\t\t\t\t<\/div>\n\t\t\t\t<\/div>\n\t\t\t\t\t<\/div>\n\t\t<\/div>\n\t\t\t\t<div class=\"elementor-column elementor-col-50 elementor-top-column elementor-element elementor-element-18f1598\" data-id=\"18f1598\" data-element_type=\"column\">\n\t\t\t<div class=\"elementor-widget-wrap elementor-element-populated\">\n\t\t\t\t\t\t<div class=\"elementor-element elementor-element-2944f0e elementor-widget elementor-widget-heading\" data-id=\"2944f0e\" data-element_type=\"widget\" data-widget_type=\"heading.default\">\n\t\t\t\t<div class=\"elementor-widget-container\">\n\t\t\t<h2 class=\"elementor-heading-title elementor-size-default\">Right now<\/h2>\t\t<\/div>\n\t\t\t\t<\/div>\n\t\t\t\t<div class=\"elementor-element elementor-element-9056a14 elementor-widget elementor-widget-text-editor\" data-id=\"9056a14\" data-element_type=\"widget\" data-widget_type=\"text-editor.default\">\n\t\t\t\t<div class=\"elementor-widget-container\">\n\t\t\t\t\t\t\t<p>The zoo is currently closed for spontaneous visits, but if you call in advance and book your visit, you are welcome to visit us. Admissions on weekends are booked no later than Friday at 12.00. Come and experience our animals up close.<br \/>No scheduled feedings<\/p><p>As of 2024 the zoo is cashless.<\/p>\t\t\t\t\t\t<\/div>\n\t\t\t\t<\/div>\n\t\t\t\t\t<\/div>\n\t\t<\/div>\n\t\t\t\t\t<\/div>\n\t\t<\/section>\n\t\t\t\t<\/div>","protected":false},"excerpt":{"rendered":"<p>Aktuellt just nu Djurparken \u00e4r st\u00e4ngd f\u00f6r spontanbes\u00f6k men om du ringer i f\u00f6rv\u00e4g och bokar ditt bes\u00f6k \u00e4r du v\u00e4lkommen att bes\u00f6ka oss. Insl\u00e4pp p\u00e5 helg bokas senast fredag kl. 12.00. Kom och upplev v\u00e5ra nordiska djur p\u00e5 n\u00e4ra h\u00e5ll.Vi har inga tidsatta matningar av djur. Fr\u00e5n och med 2024 \u00e4r djurparken helt kontantfri.<\/p>","protected":false},"author":1,"featured_media":0,"parent":0,"menu_order":0,"comment_status":"closed","ping_status":"closed","template":"","meta":{"inline_featured_image":false,"footnotes":""},"yoast_head":"<!-- This site is optimized with the Yoast SEO plugin v22.5 - https:\/\/yoast.com\/wordpress\/plugins\/seo\/ -->\n<title>Aktuellt just nu - Lycksele Djurpark<\/title>\n<meta name=\"robots\" content=\"index, follow, max-snippet:-1, max-image-preview:large, max-video-preview:-1\" \/>\n<link rel=\"canonical\" href=\"https:\/\/lyckseledjurpark.chillimedia.site\/en\/aktuellt-just-nu\/\" \/>\n<meta property=\"og:locale\" content=\"en_GB\" \/>\n<meta property=\"og:type\" content=\"article\" \/>\n<meta property=\"og:title\" content=\"Aktuellt just nu - Lycksele Djurpark\" \/>\n<meta property=\"og:description\" content=\"Aktuellt just nu Djurparken \u00e4r st\u00e4ngd f\u00f6r spontanbes\u00f6k men om du ringer i f\u00f6rv\u00e4g och bokar ditt bes\u00f6k \u00e4r du v\u00e4lkommen att bes\u00f6ka oss. Insl\u00e4pp p\u00e5 helg bokas senast fredag kl. 12.00. Kom och upplev v\u00e5ra nordiska djur p\u00e5 n\u00e4ra h\u00e5ll.Vi har inga tidsatta matningar av djur. Fr\u00e5n och med 2024 \u00e4r djurparken helt kontantfri.\" \/>\n<meta property=\"og:url\" content=\"https:\/\/lyckseledjurpark.chillimedia.site\/en\/aktuellt-just-nu\/\" \/>\n<meta property=\"og:site_name\" content=\"Lycksele Djurpark\" \/>\n<meta property=\"article:publisher\" content=\"https:\/\/www.facebook.com\/LyckseleDjurparkAB\/\" \/>\n<meta property=\"article:modified_time\" content=\"2023-12-23T23:13:08+00:00\" \/>\n<meta property=\"og:image\" content=\"https:\/\/lyckseledjurpark.chillimedia.site\/wp-content\/uploads\/2022\/10\/Pixel-var-2021.jpg\" \/>\n<meta name=\"twitter:card\" content=\"summary_large_image\" \/>\n<script type=\"application\/ld+json\" class=\"yoast-schema-graph\">{\"@context\":\"https:\/\/schema.org\",\"@graph\":[{\"@type\":\"WebPage\",\"@id\":\"https:\/\/lyckseledjurpark.chillimedia.site\/en\/aktuellt-just-nu\/\",\"url\":\"https:\/\/lyckseledjurpark.chillimedia.site\/en\/aktuellt-just-nu\/\",\"name\":\"Aktuellt just nu - Lycksele Djurpark\",\"isPartOf\":{\"@id\":\"https:\/\/lyckseledjurpark.chillimedia.site\/en\/#website\"},\"primaryImageOfPage\":{\"@id\":\"https:\/\/lyckseledjurpark.chillimedia.site\/en\/aktuellt-just-nu\/#primaryimage\"},\"image\":{\"@id\":\"https:\/\/lyckseledjurpark.chillimedia.site\/en\/aktuellt-just-nu\/#primaryimage\"},\"thumbnailUrl\":\"https:\/\/lyckseledjurpark.chillimedia.site\/wp-content\/uploads\/2022\/10\/Pixel-var-2021.jpg\",\"datePublished\":\"2020-05-19T09:08:56+00:00\",\"dateModified\":\"2023-12-23T23:13:08+00:00\",\"breadcrumb\":{\"@id\":\"https:\/\/lyckseledjurpark.chillimedia.site\/en\/aktuellt-just-nu\/#breadcrumb\"},\"inLanguage\":\"en-GB\",\"potentialAction\":[{\"@type\":\"ReadAction\",\"target\":[\"https:\/\/lyckseledjurpark.chillimedia.site\/en\/aktuellt-just-nu\/\"]}]},{\"@type\":\"ImageObject\",\"inLanguage\":\"en-GB\",\"@id\":\"https:\/\/lyckseledjurpark.chillimedia.site\/en\/aktuellt-just-nu\/#primaryimage\",\"url\":\"https:\/\/lyckseledjurpark.chillimedia.site\/wp-content\/uploads\/2022\/10\/Pixel-var-2021.jpg\",\"contentUrl\":\"https:\/\/lyckseledjurpark.chillimedia.site\/wp-content\/uploads\/2022\/10\/Pixel-var-2021.jpg\"},{\"@type\":\"BreadcrumbList\",\"@id\":\"https:\/\/lyckseledjurpark.chillimedia.site\/en\/aktuellt-just-nu\/#breadcrumb\",\"itemListElement\":[{\"@type\":\"ListItem\",\"position\":1,\"name\":\"Hem\",\"item\":\"https:\/\/lyckseledjurpark.chillimedia.site\/\"},{\"@type\":\"ListItem\",\"position\":2,\"name\":\"Aktuellt just nu\"}]},{\"@type\":\"WebSite\",\"@id\":\"https:\/\/lyckseledjurpark.chillimedia.site\/en\/#website\",\"url\":\"https:\/\/lyckseledjurpark.chillimedia.site\/en\/\",\"name\":\"Lycksele Djurpark\",\"description\":\" Sveriges Nordligaste Djurpark\",\"potentialAction\":[{\"@type\":\"SearchAction\",\"target\":{\"@type\":\"EntryPoint\",\"urlTemplate\":\"https:\/\/lyckseledjurpark.chillimedia.site\/en\/?s={search_term_string}\"},\"query-input\":\"required name=search_term_string\"}],\"inLanguage\":\"en-GB\"}]}<\/script>\n<!-- \/ Yoast SEO plugin. -->","yoast_head_json":{"title":"Aktuellt just nu - Lycksele Djurpark","robots":{"index":"index","follow":"follow","max-snippet":"max-snippet:-1","max-image-preview":"max-image-preview:large","max-video-preview":"max-video-preview:-1"},"canonical":"https:\/\/lyckseledjurpark.chillimedia.site\/en\/aktuellt-just-nu\/","og_locale":"en_GB","og_type":"article","og_title":"Aktuellt just nu - Lycksele Djurpark","og_description":"Aktuellt just nu Djurparken \u00e4r st\u00e4ngd f\u00f6r spontanbes\u00f6k men om du ringer i f\u00f6rv\u00e4g och bokar ditt bes\u00f6k \u00e4r du v\u00e4lkommen att bes\u00f6ka oss. Insl\u00e4pp p\u00e5 helg bokas senast fredag kl. 12.00. Kom och upplev v\u00e5ra nordiska djur p\u00e5 n\u00e4ra h\u00e5ll.Vi har inga tidsatta matningar av djur. Fr\u00e5n och med 2024 \u00e4r djurparken helt kontantfri.","og_url":"https:\/\/lyckseledjurpark.chillimedia.site\/en\/aktuellt-just-nu\/","og_site_name":"Lycksele Djurpark","article_publisher":"https:\/\/www.facebook.com\/LyckseleDjurparkAB\/","article_modified_time":"2023-12-23T23:13:08+00:00","og_image":[{"url":"https:\/\/lyckseledjurpark.chillimedia.site\/wp-content\/uploads\/2022\/10\/Pixel-var-2021.jpg"}],"twitter_card":"summary_large_image","schema":{"@context":"https:\/\/schema.org","@graph":[{"@type":"WebPage","@id":"https:\/\/lyckseledjurpark.chillimedia.site\/en\/aktuellt-just-nu\/","url":"https:\/\/lyckseledjurpark.chillimedia.site\/en\/aktuellt-just-nu\/","name":"Aktuellt just nu - Lycksele Djurpark","isPartOf":{"@id":"https:\/\/lyckseledjurpark.chillimedia.site\/en\/#website"},"primaryImageOfPage":{"@id":"https:\/\/lyckseledjurpark.chillimedia.site\/en\/aktuellt-just-nu\/#primaryimage"},"image":{"@id":"https:\/\/lyckseledjurpark.chillimedia.site\/en\/aktuellt-just-nu\/#primaryimage"},"thumbnailUrl":"https:\/\/lyckseledjurpark.chillimedia.site\/wp-content\/uploads\/2022\/10\/Pixel-var-2021.jpg","datePublished":"2020-05-19T09:08:56+00:00","dateModified":"2023-12-23T23:13:08+00:00","breadcrumb":{"@id":"https:\/\/lyckseledjurpark.chillimedia.site\/en\/aktuellt-just-nu\/#breadcrumb"},"inLanguage":"en-GB","potentialAction":[{"@type":"ReadAction","target":["https:\/\/lyckseledjurpark.chillimedia.site\/en\/aktuellt-just-nu\/"]}]},{"@type":"ImageObject","inLanguage":"en-GB","@id":"https:\/\/lyckseledjurpark.chillimedia.site\/en\/aktuellt-just-nu\/#primaryimage","url":"https:\/\/lyckseledjurpark.chillimedia.site\/wp-content\/uploads\/2022\/10\/Pixel-var-2021.jpg","contentUrl":"https:\/\/lyckseledjurpark.chillimedia.site\/wp-content\/uploads\/2022\/10\/Pixel-var-2021.jpg"},{"@type":"BreadcrumbList","@id":"https:\/\/lyckseledjurpark.chillimedia.site\/en\/aktuellt-just-nu\/#breadcrumb","itemListElement":[{"@type":"ListItem","position":1,"name":"Hem","item":"https:\/\/lyckseledjurpark.chillimedia.site\/"},{"@type":"ListItem","position":2,"name":"Aktuellt just nu"}]},{"@type":"WebSite","@id":"https:\/\/lyckseledjurpark.chillimedia.site\/en\/#website","url":"https:\/\/lyckseledjurpark.chillimedia.site\/en\/","name":"Lycksele Djurpark","description":" Sveriges Nordligaste Djurpark","potentialAction":[{"@type":"SearchAction","target":{"@type":"EntryPoint","urlTemplate":"https:\/\/lyckseledjurpark.chillimedia.site\/en\/?s={search_term_string}"},"query-input":"required name=search_term_string"}],"inLanguage":"en-GB"}]}},"_links":{"self":[{"href":"https:\/\/lyckseledjurpark.chillimedia.site\/en\/wp-json\/wp\/v2\/pages\/4582"}],"collection":[{"href":"https:\/\/lyckseledjurpark.chillimedia.site\/en\/wp-json\/wp\/v2\/pages"}],"about":[{"href":"https:\/\/lyckseledjurpark.chillimedia.site\/en\/wp-json\/wp\/v2\/types\/page"}],"author":[{"embeddable":true,"href":"https:\/\/lyckseledjurpark.chillimedia.site\/en\/wp-json\/wp\/v2\/users\/1"}],"replies":[{"embeddable":true,"href":"https:\/\/lyckseledjurpark.chillimedia.site\/en\/wp-json\/wp\/v2\/comments?post=4582"}],"version-history":[{"count":86,"href":"https:\/\/lyckseledjurpark.chillimedia.site\/en\/wp-json\/wp\/v2\/pages\/4582\/revisions"}],"predecessor-version":[{"id":6021,"href":"https:\/\/lyckseledjurpark.chillimedia.site\/en\/wp-json\/wp\/v2\/pages\/4582\/revisions\/6021"}],"wp:attachment":[{"href":"https:\/\/lyckseledjurpark.chillimedia.site\/en\/wp-json\/wp\/v2\/media?parent=4582"}],"curies":[{"name":"wp","href":"https:\/\/api.w.org\/{rel}","templated":true}]}}