{"id":4883,"date":"2020-05-19T14:34:42","date_gmt":"2020-05-19T12:34:42","guid":{"rendered":"https:\/\/lyckseledjurpark.chillimedia.site\/djurparkens-uppdrag-2\/"},"modified":"2023-05-26T14:00:28","modified_gmt":"2023-05-26T12:00:28","slug":"vart-uppdrag","status":"publish","type":"page","link":"https:\/\/lyckseledjurpark.chillimedia.site\/en\/vart-uppdrag\/","title":{"rendered":"Our mission"},"content":{"rendered":"<div data-elementor-type=\"wp-page\" data-elementor-id=\"4883\" class=\"elementor elementor-4883\" data-elementor-post-type=\"page\">\n\t\t\t\t\t\t<section class=\"elementor-section elementor-top-section elementor-element elementor-element-68c939c6 elementor-section-stretched elementor-reverse-tablet elementor-reverse-mobile elementor-section-boxed elementor-section-height-default elementor-section-height-default\" data-id=\"68c939c6\" data-element_type=\"section\" data-settings=\"{&quot;stretch_section&quot;:&quot;section-stretched&quot;}\">\n\t\t\t\t\t\t<div class=\"elementor-container elementor-column-gap-no\">\n\t\t\t\t\t<div class=\"elementor-column elementor-col-100 elementor-top-column elementor-element elementor-element-347c7824\" data-id=\"347c7824\" data-element_type=\"column\">\n\t\t\t<div class=\"elementor-widget-wrap elementor-element-populated\">\n\t\t\t\t\t\t<div class=\"elementor-element elementor-element-48722859 elementor-widget elementor-widget-heading\" data-id=\"48722859\" data-element_type=\"widget\" data-widget_type=\"heading.default\">\n\t\t\t\t<div class=\"elementor-widget-container\">\n\t\t\t<h2 class=\"elementor-heading-title elementor-size-default\">Our mission<\/h2>\t\t<\/div>\n\t\t\t\t<\/div>\n\t\t\t\t<div class=\"elementor-element elementor-element-18bcba0 elementor-widget elementor-widget-text-editor\" data-id=\"18bcba0\" data-element_type=\"widget\" data-widget_type=\"text-editor.default\">\n\t\t\t\t<div class=\"elementor-widget-container\">\n\t\t\t\t\t\t\t<h2 class=\"title-heading-left\">Together for a sustainable future<\/h2><p>More and more animal species in the world are threatened with extinction today and the list of species at risk of extinction is only getting longer. Conservation of endangered species is now a common task for the world's zoos. Our goal is to create increased understanding of the invaluable value of nature and biodiversity. Through research, we learn more about the animals, and it gives us greater opportunities in our work to preserve endangered animals.<\/p><p><strong>\u00a0<\/strong><\/p><p>Our three most important missions as a zoo are: conservation, education, and research.<\/p>\t\t\t\t\t\t<\/div>\n\t\t\t\t<\/div>\n\t\t\t\t<section class=\"elementor-section elementor-inner-section elementor-element elementor-element-e92e9a5 custom-shadow elementor-section-boxed elementor-section-height-default elementor-section-height-default\" data-id=\"e92e9a5\" data-element_type=\"section\">\n\t\t\t\t\t\t<div class=\"elementor-container elementor-column-gap-default\">\n\t\t\t\t\t<div class=\"elementor-column elementor-col-33 elementor-inner-column elementor-element elementor-element-fe27008\" data-id=\"fe27008\" data-element_type=\"column\">\n\t\t\t<div class=\"elementor-widget-wrap elementor-element-populated\">\n\t\t\t\t\t\t<div class=\"elementor-element elementor-element-9c768e5 elementor-position-top elementor-widget elementor-widget-image-box\" data-id=\"9c768e5\" data-element_type=\"widget\" data-widget_type=\"image-box.default\">\n\t\t\t\t<div class=\"elementor-widget-container\">\n\t\t\t<div class=\"elementor-image-box-wrapper\"><figure class=\"elementor-image-box-img\"><a href=\"https:\/\/lyckseledjurpark.chillimedia.site\/en\/bevarande\/\" tabindex=\"-1\"><img fetchpriority=\"high\" decoding=\"async\" width=\"2560\" height=\"1707\" src=\"https:\/\/lyckseledjurpark.chillimedia.site\/wp-content\/uploads\/2023\/02\/17463_lyckseledjurpark_119-scaled.jpg\" class=\"attachment-full size-full wp-image-5000\" alt=\"\" srcset=\"https:\/\/lyckseledjurpark.chillimedia.site\/wp-content\/uploads\/2023\/02\/17463_lyckseledjurpark_119-scaled.jpg 2560w, https:\/\/lyckseledjurpark.chillimedia.site\/wp-content\/uploads\/2023\/02\/17463_lyckseledjurpark_119-300x200.jpg 300w, https:\/\/lyckseledjurpark.chillimedia.site\/wp-content\/uploads\/2023\/02\/17463_lyckseledjurpark_119-1024x683.jpg 1024w, https:\/\/lyckseledjurpark.chillimedia.site\/wp-content\/uploads\/2023\/02\/17463_lyckseledjurpark_119-768x512.jpg 768w, https:\/\/lyckseledjurpark.chillimedia.site\/wp-content\/uploads\/2023\/02\/17463_lyckseledjurpark_119-1536x1024.jpg 1536w, https:\/\/lyckseledjurpark.chillimedia.site\/wp-content\/uploads\/2023\/02\/17463_lyckseledjurpark_119-2048x1365.jpg 2048w, https:\/\/lyckseledjurpark.chillimedia.site\/wp-content\/uploads\/2023\/02\/17463_lyckseledjurpark_119-18x12.jpg 18w\" sizes=\"(max-width: 2560px) 100vw, 2560px\" \/><\/a><\/figure><div class=\"elementor-image-box-content\"><h3 class=\"elementor-image-box-title\"><a href=\"https:\/\/lyckseledjurpark.chillimedia.site\/en\/bevarande\/\">Conservation<\/a><\/h3><p class=\"elementor-image-box-description\">The increased threat to both animals and their natural habitats makes the work of zoos more important than ever.<\/p><\/div><\/div>\t\t<\/div>\n\t\t\t\t<\/div>\n\t\t\t\t<div class=\"elementor-element elementor-element-d6ec517 elementor-button-info elementor-align-center elementor-widget elementor-widget-button\" data-id=\"d6ec517\" data-element_type=\"widget\" data-widget_type=\"button.default\">\n\t\t\t\t<div class=\"elementor-widget-container\">\n\t\t\t        <div class=\"elementor-button-wrapper\">\n            <a href=\"https:\/\/lyckseledjurpark.chillimedia.site\/en\/bevarande\/\" class=\"elementor-button-link elementor-button elementor-size-lg\" role=\"button\">\n                        <span class=\"elementor-button-content-wrapper\">\n\t\t\t            <span class=\"elementor-button-text\">Read More<\/span>\n\t\t<\/span>\n                    <\/a>\n        <\/div>\n        \t\t<\/div>\n\t\t\t\t<\/div>\n\t\t\t\t\t<\/div>\n\t\t<\/div>\n\t\t\t\t<div class=\"elementor-column elementor-col-33 elementor-inner-column elementor-element elementor-element-5a9c557\" data-id=\"5a9c557\" data-element_type=\"column\">\n\t\t\t<div class=\"elementor-widget-wrap elementor-element-populated\">\n\t\t\t\t\t\t<div class=\"elementor-element elementor-element-be12d22 elementor-position-top elementor-widget elementor-widget-image-box\" data-id=\"be12d22\" data-element_type=\"widget\" data-widget_type=\"image-box.default\">\n\t\t\t\t<div class=\"elementor-widget-container\">\n\t\t\t<div class=\"elementor-image-box-wrapper\"><figure class=\"elementor-image-box-img\"><a href=\"https:\/\/lyckseledjurpark.chillimedia.site\/en\/utbildning\/\" tabindex=\"-1\"><img decoding=\"async\" width=\"2560\" height=\"1707\" src=\"https:\/\/lyckseledjurpark.chillimedia.site\/wp-content\/uploads\/2023\/02\/17558_lyckesle_097-scaled.jpg\" class=\"attachment-full size-full wp-image-4975\" alt=\"\" srcset=\"https:\/\/lyckseledjurpark.chillimedia.site\/wp-content\/uploads\/2023\/02\/17558_lyckesle_097-scaled.jpg 2560w, https:\/\/lyckseledjurpark.chillimedia.site\/wp-content\/uploads\/2023\/02\/17558_lyckesle_097-300x200.jpg 300w, https:\/\/lyckseledjurpark.chillimedia.site\/wp-content\/uploads\/2023\/02\/17558_lyckesle_097-1024x683.jpg 1024w, https:\/\/lyckseledjurpark.chillimedia.site\/wp-content\/uploads\/2023\/02\/17558_lyckesle_097-768x512.jpg 768w, https:\/\/lyckseledjurpark.chillimedia.site\/wp-content\/uploads\/2023\/02\/17558_lyckesle_097-1536x1024.jpg 1536w, https:\/\/lyckseledjurpark.chillimedia.site\/wp-content\/uploads\/2023\/02\/17558_lyckesle_097-2048x1365.jpg 2048w, https:\/\/lyckseledjurpark.chillimedia.site\/wp-content\/uploads\/2023\/02\/17558_lyckesle_097-18x12.jpg 18w\" sizes=\"(max-width: 2560px) 100vw, 2560px\" \/><\/a><\/figure><div class=\"elementor-image-box-content\"><h3 class=\"elementor-image-box-title\"><a href=\"https:\/\/lyckseledjurpark.chillimedia.site\/en\/utbildning\/\">Education<\/a><\/h3><p class=\"elementor-image-box-description\">We work for a lifelong commitment to animals and nature, and we aim to inspire children and adults to take care of the planet we live on and preserve biodiversity.<\/p><\/div><\/div>\t\t<\/div>\n\t\t\t\t<\/div>\n\t\t\t\t<div class=\"elementor-element elementor-element-98b3fbd elementor-button-info elementor-align-center elementor-widget elementor-widget-button\" data-id=\"98b3fbd\" data-element_type=\"widget\" data-widget_type=\"button.default\">\n\t\t\t\t<div class=\"elementor-widget-container\">\n\t\t\t        <div class=\"elementor-button-wrapper\">\n            <a href=\"https:\/\/lyckseledjurpark.chillimedia.site\/en\/utbildning\/\" class=\"elementor-button-link elementor-button elementor-size-lg\" role=\"button\">\n                        <span class=\"elementor-button-content-wrapper\">\n\t\t\t            <span class=\"elementor-button-text\">Read More<\/span>\n\t\t<\/span>\n                    <\/a>\n        <\/div>\n        \t\t<\/div>\n\t\t\t\t<\/div>\n\t\t\t\t\t<\/div>\n\t\t<\/div>\n\t\t\t\t<div class=\"elementor-column elementor-col-33 elementor-inner-column elementor-element elementor-element-c5949e7\" data-id=\"c5949e7\" data-element_type=\"column\">\n\t\t\t<div class=\"elementor-widget-wrap elementor-element-populated\">\n\t\t\t\t\t\t<div class=\"elementor-element elementor-element-b43897b elementor-position-top elementor-widget elementor-widget-image-box\" data-id=\"b43897b\" data-element_type=\"widget\" data-widget_type=\"image-box.default\">\n\t\t\t\t<div class=\"elementor-widget-container\">\n\t\t\t<div class=\"elementor-image-box-wrapper\"><figure class=\"elementor-image-box-img\"><a href=\"https:\/\/lyckseledjurpark.chillimedia.site\/en\/forskning\/\" tabindex=\"-1\"><img decoding=\"async\" width=\"2560\" height=\"1707\" src=\"https:\/\/lyckseledjurpark.chillimedia.site\/wp-content\/uploads\/2023\/02\/17558_lycksele_285-scaled.jpg\" class=\"attachment-full size-full wp-image-4971\" alt=\"\" srcset=\"https:\/\/lyckseledjurpark.chillimedia.site\/wp-content\/uploads\/2023\/02\/17558_lycksele_285-scaled.jpg 2560w, https:\/\/lyckseledjurpark.chillimedia.site\/wp-content\/uploads\/2023\/02\/17558_lycksele_285-300x200.jpg 300w, https:\/\/lyckseledjurpark.chillimedia.site\/wp-content\/uploads\/2023\/02\/17558_lycksele_285-1024x683.jpg 1024w, https:\/\/lyckseledjurpark.chillimedia.site\/wp-content\/uploads\/2023\/02\/17558_lycksele_285-768x512.jpg 768w, https:\/\/lyckseledjurpark.chillimedia.site\/wp-content\/uploads\/2023\/02\/17558_lycksele_285-1536x1024.jpg 1536w, https:\/\/lyckseledjurpark.chillimedia.site\/wp-content\/uploads\/2023\/02\/17558_lycksele_285-2048x1365.jpg 2048w, https:\/\/lyckseledjurpark.chillimedia.site\/wp-content\/uploads\/2023\/02\/17558_lycksele_285-18x12.jpg 18w\" sizes=\"(max-width: 2560px) 100vw, 2560px\" \/><\/a><\/figure><div class=\"elementor-image-box-content\"><h3 class=\"elementor-image-box-title\"><a href=\"https:\/\/lyckseledjurpark.chillimedia.site\/en\/forskning\/\">Research<\/a><\/h3><p class=\"elementor-image-box-description\">To take care of animals and nature in the future, knowledge is required - that's why we participate in research projects to better understand the animals.<\/p><\/div><\/div>\t\t<\/div>\n\t\t\t\t<\/div>\n\t\t\t\t<div class=\"elementor-element elementor-element-c81843f elementor-button-info elementor-align-center elementor-widget elementor-widget-button\" data-id=\"c81843f\" data-element_type=\"widget\" data-widget_type=\"button.default\">\n\t\t\t\t<div class=\"elementor-widget-container\">\n\t\t\t        <div class=\"elementor-button-wrapper\">\n            <a href=\"https:\/\/lyckseledjurpark.chillimedia.site\/en\/forskning\/\" class=\"elementor-button-link elementor-button elementor-size-lg\" role=\"button\">\n                        <span class=\"elementor-button-content-wrapper\">\n\t\t\t            <span class=\"elementor-button-text\">Read More<\/span>\n\t\t<\/span>\n                    <\/a>\n        <\/div>\n        \t\t<\/div>\n\t\t\t\t<\/div>\n\t\t\t\t\t<\/div>\n\t\t<\/div>\n\t\t\t\t\t<\/div>\n\t\t<\/section>\n\t\t\t\t\t<\/div>\n\t\t<\/div>\n\t\t\t\t\t<\/div>\n\t\t<\/section>\n\t\t\t\t<section class=\"elementor-section elementor-top-section elementor-element elementor-element-86f15c2 elementor-section-full_width elementor-section-stretched elementor-section-height-default elementor-section-height-default\" data-id=\"86f15c2\" data-element_type=\"section\" data-settings=\"{&quot;background_background&quot;:&quot;classic&quot;,&quot;stretch_section&quot;:&quot;section-stretched&quot;}\">\n\t\t\t\t\t\t\t<div class=\"elementor-background-overlay\"><\/div>\n\t\t\t\t\t\t\t<div class=\"elementor-container elementor-column-gap-default\">\n\t\t\t\t\t<div class=\"elementor-column elementor-col-100 elementor-top-column elementor-element elementor-element-63dae15\" data-id=\"63dae15\" data-element_type=\"column\" data-settings=\"{&quot;background_background&quot;:&quot;classic&quot;}\">\n\t\t\t<div class=\"elementor-widget-wrap elementor-element-populated\">\n\t\t\t\t\t\t<section class=\"elementor-section elementor-inner-section elementor-element elementor-element-1de21a1 elementor-section-boxed elementor-section-height-default elementor-section-height-default\" data-id=\"1de21a1\" data-element_type=\"section\">\n\t\t\t\t\t\t<div class=\"elementor-container elementor-column-gap-default\">\n\t\t\t\t\t<div class=\"elementor-column elementor-col-100 elementor-inner-column elementor-element elementor-element-09ae06d\" data-id=\"09ae06d\" data-element_type=\"column\">\n\t\t\t<div class=\"elementor-widget-wrap elementor-element-populated\">\n\t\t\t\t\t\t<div class=\"elementor-element elementor-element-bd26fb8 elementor-widget elementor-widget-text-editor\" data-id=\"bd26fb8\" data-element_type=\"widget\" data-widget_type=\"text-editor.default\">\n\t\t\t\t<div class=\"elementor-widget-container\">\n\t\t\t\t\t\t\t<h2 style=\"color: yellow !important;\">You help us with our mission.<\/h2><p>Every time you visit us, buy something in the park, or sponsor us, you help us with our mission. Together, we can make a big difference!<\/p><h4 style=\"color: white !important;\">Thank you!<\/h4>\t\t\t\t\t\t<\/div>\n\t\t\t\t<\/div>\n\t\t\t\t\t<\/div>\n\t\t<\/div>\n\t\t\t\t\t<\/div>\n\t\t<\/section>\n\t\t\t\t\t<\/div>\n\t\t<\/div>\n\t\t\t\t\t<\/div>\n\t\t<\/section>\n\t\t\t\t<\/div>","protected":false},"excerpt":{"rendered":"<p>V\u00e5rt uppdrag Tillsammans f\u00f6r en h\u00e5llbar framtid Fler och fler djurarter i v\u00e4rlden hotas idag av utrotning och listan \u00f6ver arter som riskerar att d\u00f6 ut blir bara l\u00e4ngre och l\u00e4ngre. Bevarande av hotade arter \u00e4r idag en gemensam uppgift f\u00f6r v\u00e4rldens djurparker. V\u00e5r m\u00e5ls\u00e4ttning \u00e4r att skapa \u00f6kad f\u00f6rst\u00e5else f\u00f6r det oers\u00e4ttliga v\u00e4rdet av [&hellip;]<\/p>","protected":false},"author":1,"featured_media":0,"parent":0,"menu_order":0,"comment_status":"closed","ping_status":"closed","template":"elementor_header_footer","meta":{"inline_featured_image":false,"footnotes":""},"yoast_head":"<!-- This site is optimized with the Yoast SEO plugin v22.5 - https:\/\/yoast.com\/wordpress\/plugins\/seo\/ -->\n<title>V\u00e5rt uppdrag - Lycksele Djurpark<\/title>\n<meta name=\"robots\" content=\"index, follow, max-snippet:-1, max-image-preview:large, max-video-preview:-1\" \/>\n<link rel=\"canonical\" href=\"https:\/\/lyckseledjurpark.chillimedia.site\/en\/vart-uppdrag\/\" \/>\n<meta property=\"og:locale\" content=\"en_GB\" \/>\n<meta property=\"og:type\" content=\"article\" \/>\n<meta property=\"og:title\" content=\"V\u00e5rt uppdrag - Lycksele Djurpark\" \/>\n<meta property=\"og:description\" content=\"V\u00e5rt uppdrag Tillsammans f\u00f6r en h\u00e5llbar framtid Fler och fler djurarter i v\u00e4rlden hotas idag av utrotning och listan \u00f6ver arter som riskerar att d\u00f6 ut blir bara l\u00e4ngre och l\u00e4ngre. Bevarande av hotade arter \u00e4r idag en gemensam uppgift f\u00f6r v\u00e4rldens djurparker. V\u00e5r m\u00e5ls\u00e4ttning \u00e4r att skapa \u00f6kad f\u00f6rst\u00e5else f\u00f6r det oers\u00e4ttliga v\u00e4rdet av [&hellip;]\" \/>\n<meta property=\"og:url\" content=\"https:\/\/lyckseledjurpark.chillimedia.site\/en\/vart-uppdrag\/\" \/>\n<meta property=\"og:site_name\" content=\"Lycksele Djurpark\" \/>\n<meta property=\"article:publisher\" content=\"https:\/\/www.facebook.com\/LyckseleDjurparkAB\/\" \/>\n<meta property=\"article:modified_time\" content=\"2023-05-26T12:00:28+00:00\" \/>\n<meta property=\"og:image\" content=\"https:\/\/lyckseledjurpark.chillimedia.site\/wp-content\/uploads\/2023\/02\/17463_lyckseledjurpark_119-scaled.jpg\" \/>\n<meta name=\"twitter:card\" content=\"summary_large_image\" \/>\n<meta name=\"twitter:label1\" content=\"Estimated reading time\" \/>\n\t<meta name=\"twitter:data1\" content=\"1 minute\" \/>\n<script type=\"application\/ld+json\" class=\"yoast-schema-graph\">{\"@context\":\"https:\/\/schema.org\",\"@graph\":[{\"@type\":\"WebPage\",\"@id\":\"https:\/\/lyckseledjurpark.chillimedia.site\/vart-uppdrag\/\",\"url\":\"https:\/\/lyckseledjurpark.chillimedia.site\/vart-uppdrag\/\",\"name\":\"V\u00e5rt uppdrag - Lycksele Djurpark\",\"isPartOf\":{\"@id\":\"https:\/\/lyckseledjurpark.chillimedia.site\/en\/#website\"},\"primaryImageOfPage\":{\"@id\":\"https:\/\/lyckseledjurpark.chillimedia.site\/vart-uppdrag\/#primaryimage\"},\"image\":{\"@id\":\"https:\/\/lyckseledjurpark.chillimedia.site\/vart-uppdrag\/#primaryimage\"},\"thumbnailUrl\":\"https:\/\/lyckseledjurpark.chillimedia.site\/wp-content\/uploads\/2023\/02\/17463_lyckseledjurpark_119-scaled.jpg\",\"datePublished\":\"2020-05-19T12:34:42+00:00\",\"dateModified\":\"2023-05-26T12:00:28+00:00\",\"breadcrumb\":{\"@id\":\"https:\/\/lyckseledjurpark.chillimedia.site\/vart-uppdrag\/#breadcrumb\"},\"inLanguage\":\"en-GB\",\"potentialAction\":[{\"@type\":\"ReadAction\",\"target\":[\"https:\/\/lyckseledjurpark.chillimedia.site\/vart-uppdrag\/\"]}]},{\"@type\":\"ImageObject\",\"inLanguage\":\"en-GB\",\"@id\":\"https:\/\/lyckseledjurpark.chillimedia.site\/vart-uppdrag\/#primaryimage\",\"url\":\"https:\/\/lyckseledjurpark.chillimedia.site\/wp-content\/uploads\/2023\/02\/17463_lyckseledjurpark_119-scaled.jpg\",\"contentUrl\":\"https:\/\/lyckseledjurpark.chillimedia.site\/wp-content\/uploads\/2023\/02\/17463_lyckseledjurpark_119-scaled.jpg\"},{\"@type\":\"BreadcrumbList\",\"@id\":\"https:\/\/lyckseledjurpark.chillimedia.site\/vart-uppdrag\/#breadcrumb\",\"itemListElement\":[{\"@type\":\"ListItem\",\"position\":1,\"name\":\"Hem\",\"item\":\"https:\/\/lyckseledjurpark.chillimedia.site\/\"},{\"@type\":\"ListItem\",\"position\":2,\"name\":\"V\u00e5rt uppdrag\"}]},{\"@type\":\"WebSite\",\"@id\":\"https:\/\/lyckseledjurpark.chillimedia.site\/en\/#website\",\"url\":\"https:\/\/lyckseledjurpark.chillimedia.site\/en\/\",\"name\":\"Lycksele Djurpark\",\"description\":\" Sveriges Nordligaste Djurpark\",\"potentialAction\":[{\"@type\":\"SearchAction\",\"target\":{\"@type\":\"EntryPoint\",\"urlTemplate\":\"https:\/\/lyckseledjurpark.chillimedia.site\/en\/?s={search_term_string}\"},\"query-input\":\"required name=search_term_string\"}],\"inLanguage\":\"en-GB\"}]}<\/script>\n<!-- \/ Yoast SEO plugin. -->","yoast_head_json":{"title":"V\u00e5rt uppdrag - Lycksele Djurpark","robots":{"index":"index","follow":"follow","max-snippet":"max-snippet:-1","max-image-preview":"max-image-preview:large","max-video-preview":"max-video-preview:-1"},"canonical":"https:\/\/lyckseledjurpark.chillimedia.site\/en\/vart-uppdrag\/","og_locale":"en_GB","og_type":"article","og_title":"V\u00e5rt uppdrag - Lycksele Djurpark","og_description":"V\u00e5rt uppdrag Tillsammans f\u00f6r en h\u00e5llbar framtid Fler och fler djurarter i v\u00e4rlden hotas idag av utrotning och listan \u00f6ver arter som riskerar att d\u00f6 ut blir bara l\u00e4ngre och l\u00e4ngre. Bevarande av hotade arter \u00e4r idag en gemensam uppgift f\u00f6r v\u00e4rldens djurparker. V\u00e5r m\u00e5ls\u00e4ttning \u00e4r att skapa \u00f6kad f\u00f6rst\u00e5else f\u00f6r det oers\u00e4ttliga v\u00e4rdet av [&hellip;]","og_url":"https:\/\/lyckseledjurpark.chillimedia.site\/en\/vart-uppdrag\/","og_site_name":"Lycksele Djurpark","article_publisher":"https:\/\/www.facebook.com\/LyckseleDjurparkAB\/","article_modified_time":"2023-05-26T12:00:28+00:00","og_image":[{"url":"https:\/\/lyckseledjurpark.chillimedia.site\/wp-content\/uploads\/2023\/02\/17463_lyckseledjurpark_119-scaled.jpg"}],"twitter_card":"summary_large_image","twitter_misc":{"Estimated reading time":"1 minute"},"schema":{"@context":"https:\/\/schema.org","@graph":[{"@type":"WebPage","@id":"https:\/\/lyckseledjurpark.chillimedia.site\/vart-uppdrag\/","url":"https:\/\/lyckseledjurpark.chillimedia.site\/vart-uppdrag\/","name":"V\u00e5rt uppdrag - Lycksele Djurpark","isPartOf":{"@id":"https:\/\/lyckseledjurpark.chillimedia.site\/en\/#website"},"primaryImageOfPage":{"@id":"https:\/\/lyckseledjurpark.chillimedia.site\/vart-uppdrag\/#primaryimage"},"image":{"@id":"https:\/\/lyckseledjurpark.chillimedia.site\/vart-uppdrag\/#primaryimage"},"thumbnailUrl":"https:\/\/lyckseledjurpark.chillimedia.site\/wp-content\/uploads\/2023\/02\/17463_lyckseledjurpark_119-scaled.jpg","datePublished":"2020-05-19T12:34:42+00:00","dateModified":"2023-05-26T12:00:28+00:00","breadcrumb":{"@id":"https:\/\/lyckseledjurpark.chillimedia.site\/vart-uppdrag\/#breadcrumb"},"inLanguage":"en-GB","potentialAction":[{"@type":"ReadAction","target":["https:\/\/lyckseledjurpark.chillimedia.site\/vart-uppdrag\/"]}]},{"@type":"ImageObject","inLanguage":"en-GB","@id":"https:\/\/lyckseledjurpark.chillimedia.site\/vart-uppdrag\/#primaryimage","url":"https:\/\/lyckseledjurpark.chillimedia.site\/wp-content\/uploads\/2023\/02\/17463_lyckseledjurpark_119-scaled.jpg","contentUrl":"https:\/\/lyckseledjurpark.chillimedia.site\/wp-content\/uploads\/2023\/02\/17463_lyckseledjurpark_119-scaled.jpg"},{"@type":"BreadcrumbList","@id":"https:\/\/lyckseledjurpark.chillimedia.site\/vart-uppdrag\/#breadcrumb","itemListElement":[{"@type":"ListItem","position":1,"name":"Hem","item":"https:\/\/lyckseledjurpark.chillimedia.site\/"},{"@type":"ListItem","position":2,"name":"V\u00e5rt uppdrag"}]},{"@type":"WebSite","@id":"https:\/\/lyckseledjurpark.chillimedia.site\/en\/#website","url":"https:\/\/lyckseledjurpark.chillimedia.site\/en\/","name":"Lycksele Djurpark","description":" Sveriges Nordligaste Djurpark","potentialAction":[{"@type":"SearchAction","target":{"@type":"EntryPoint","urlTemplate":"https:\/\/lyckseledjurpark.chillimedia.site\/en\/?s={search_term_string}"},"query-input":"required name=search_term_string"}],"inLanguage":"en-GB"}]}},"_links":{"self":[{"href":"https:\/\/lyckseledjurpark.chillimedia.site\/en\/wp-json\/wp\/v2\/pages\/4883"}],"collection":[{"href":"https:\/\/lyckseledjurpark.chillimedia.site\/en\/wp-json\/wp\/v2\/pages"}],"about":[{"href":"https:\/\/lyckseledjurpark.chillimedia.site\/en\/wp-json\/wp\/v2\/types\/page"}],"author":[{"embeddable":true,"href":"https:\/\/lyckseledjurpark.chillimedia.site\/en\/wp-json\/wp\/v2\/users\/1"}],"replies":[{"embeddable":true,"href":"https:\/\/lyckseledjurpark.chillimedia.site\/en\/wp-json\/wp\/v2\/comments?post=4883"}],"version-history":[{"count":54,"href":"https:\/\/lyckseledjurpark.chillimedia.site\/en\/wp-json\/wp\/v2\/pages\/4883\/revisions"}],"predecessor-version":[{"id":5454,"href":"https:\/\/lyckseledjurpark.chillimedia.site\/en\/wp-json\/wp\/v2\/pages\/4883\/revisions\/5454"}],"wp:attachment":[{"href":"https:\/\/lyckseledjurpark.chillimedia.site\/en\/wp-json\/wp\/v2\/media?parent=4883"}],"curies":[{"name":"wp","href":"https:\/\/api.w.org\/{rel}","templated":true}]}}